{"id":180210,"date":"2025-12-21T22:10:41","date_gmt":"2025-12-21T19:10:41","guid":{"rendered":"https:\/\/baldumarket.lt\/product\/komoda-z-szufladami-i-wneka-canada-cx2\/"},"modified":"2026-04-14T12:35:52","modified_gmt":"2026-04-14T09:35:52","slug":"komoda-z-szufladami-i-wneka-canada-cx2","status":"publish","type":"product","link":"https:\/\/baldumarket.lt\/lt\/product\/komoda-z-szufladami-i-wneka-canada-cx2\/","title":{"rendered":"Komoda \u201eCanada CX2\u201c su \u012fduba"},"content":{"rendered":"<p>Komoda \u201eCanada CX2\u201c turi dvi spinteles, lentyn\u0105 u\u017e fasad\u0173, papildom\u0105 ni\u0161\u0105 ir tris stal\u010dius.<br \/>\nKomoda yra \u201eCanada\u201c sistemos \u2013 miegamojo sistemos \u2013 dalis, kuri\u0105 galima \u012fsigyti su spintomis, naktiniu staliuku ir lovomis.<br \/>\nSavyb\u0117s:<br \/>\nK\u016bnas \u2013 Artisan Oak<br \/>\nFasadai \u2013 \u201eArtisan Oak\u201c + grafito stal\u010di\u0173 fasadai<br \/>\nRankenos \u2013 Artisan Oak<br \/>\nModernus dizainas<br \/>\nTvirta konstrukcija, pagaminta i\u0161 auk\u0161tos kokyb\u0117s laminuotos PVC plok\u0161t\u0117s<br \/>\nPatentuotas dizainas garantuoja auk\u0161\u010diausi\u0105 kokyb\u0119 ir d\u0117mes\u012f detal\u0117ms<br \/>\nKorpusas: laminuota bald\u0173 plok\u0161t\u0117<br \/>\nPriekin\u0117 dalis: MDF plok\u0161t\u0117 su PVC fanera<\/p>","protected":false},"excerpt":{"rendered":"<p>Plotis [cm] 130<br \/>\n\u016agis [cm] 105<br \/>\nGylis [cm] 42<br \/>\nMed\u017eiaga: laminuota plok\u0161t\u0117<br \/>\nKomoda: Artisan \u0105\u017euolas<br \/>\nStal\u010di\u0173 skai\u010dius: 3 stal\u010diai<\/p>","protected":false},"featured_media":180211,"comment_status":"open","ping_status":"open","template":"","meta":[],"product_brand":[],"product_cat":[9577,1173,4746],"product_tag":[],"class_list":{"0":"post-180210","1":"product","2":"type-product","3":"status-publish","4":"has-post-thumbnail","6":"product_cat-wardrobes-canada-fadome","7":"product_cat-chests-of-drawers","8":"product_cat-fadome","10":"first","11":"instock","12":"purchasable","13":"product-type-simple"},"_links":{"self":[{"href":"https:\/\/baldumarket.lt\/lt\/wp-json\/wp\/v2\/product\/180210","targetHints":{"allow":["GET"]}}],"collection":[{"href":"https:\/\/baldumarket.lt\/lt\/wp-json\/wp\/v2\/product"}],"about":[{"href":"https:\/\/baldumarket.lt\/lt\/wp-json\/wp\/v2\/types\/product"}],"replies":[{"embeddable":true,"href":"https:\/\/baldumarket.lt\/lt\/wp-json\/wp\/v2\/comments?post=180210"}],"wp:featuredmedia":[{"embeddable":true,"href":"https:\/\/baldumarket.lt\/lt\/wp-json\/wp\/v2\/media\/180211"}],"wp:attachment":[{"href":"https:\/\/baldumarket.lt\/lt\/wp-json\/wp\/v2\/media?parent=180210"}],"wp:term":[{"taxonomy":"product_brand","embeddable":true,"href":"https:\/\/baldumarket.lt\/lt\/wp-json\/wp\/v2\/product_brand?post=180210"},{"taxonomy":"product_cat","embeddable":true,"href":"https:\/\/baldumarket.lt\/lt\/wp-json\/wp\/v2\/product_cat?post=180210"},{"taxonomy":"product_tag","embeddable":true,"href":"https:\/\/baldumarket.lt\/lt\/wp-json\/wp\/v2\/product_tag?post=180210"}],"curies":[{"name":"wp","href":"https:\/\/api.w.org\/{rel}","templated":true}]}}