{"id":180202,"date":"2025-12-21T22:10:33","date_gmt":"2025-12-21T19:10:33","guid":{"rendered":"https:\/\/baldumarket.lt\/product\/komoda-z-szafkami-i-szufladami-canada-cd35\/"},"modified":"2026-04-14T12:35:52","modified_gmt":"2026-04-14T09:35:52","slug":"komoda-z-szafkami-i-szufladami-canada-cd35","status":"publish","type":"product","link":"https:\/\/baldumarket.lt\/lt\/product\/komoda-z-szafkami-i-szufladami-canada-cd35\/","title":{"rendered":"Komoda su spintel\u0117mis ir stal\u010diais Kanada CD35"},"content":{"rendered":"<p>Komoda \u201eCanada CD35\u201c \u2013 turi tris spinteles, lentyn\u0105 u\u017e fasado ir du papildomus stal\u010dius.<br \/>\n\u0160i komoda priklauso \u201eCanada\u201c miegam\u0173j\u0173 sistemai, kuri\u0105 sudaro spintos, komodos, naktiniai staliukai ir lovos.<br \/>\nSavyb\u0117s:<br \/>\nR\u0117mas \u2013 matinis ka\u0161myras<br \/>\nPriekin\u0117 dalis \u2013 matinis ka\u0161myras<br \/>\nRankenos \u2013 matinio aukso spalvos<br \/>\n\u012ed\u0117klai \u2013 matinio aukso spalvos<br \/>\nModernus dizainas<br \/>\nTvirtai pagaminta i\u0161 auk\u0161tos kokyb\u0117s laminuotos plok\u0161t\u0117s<br \/>\nPatentuotas dizainas garantuoja auk\u0161\u010diausi\u0105 kokyb\u0119 ir d\u0117mes\u012f detal\u0117ms<br \/>\nR\u0117mas: laminuota bald\u0173 plok\u0161t\u0117<br \/>\nPriekin\u0117 dalis: PVC dengta MDF plok\u0161t\u0117<\/p>","protected":false},"excerpt":{"rendered":"<p>Plotis [cm] 150<br \/>\n\u016agis [cm] 94<br \/>\nGylis [cm] 42<br \/>\nMed\u017eiaga: laminuota plok\u0161t\u0117<br \/>\nKomoda: ka\u0161myras<\/p>","protected":false},"featured_media":180203,"comment_status":"open","ping_status":"open","template":"","meta":[],"product_brand":[],"product_cat":[9577,1173,4746],"product_tag":[],"class_list":{"0":"post-180202","1":"product","2":"type-product","3":"status-publish","4":"has-post-thumbnail","6":"product_cat-wardrobes-canada-fadome","7":"product_cat-chests-of-drawers","8":"product_cat-fadome","10":"first","11":"instock","12":"purchasable","13":"product-type-simple"},"_links":{"self":[{"href":"https:\/\/baldumarket.lt\/lt\/wp-json\/wp\/v2\/product\/180202","targetHints":{"allow":["GET"]}}],"collection":[{"href":"https:\/\/baldumarket.lt\/lt\/wp-json\/wp\/v2\/product"}],"about":[{"href":"https:\/\/baldumarket.lt\/lt\/wp-json\/wp\/v2\/types\/product"}],"replies":[{"embeddable":true,"href":"https:\/\/baldumarket.lt\/lt\/wp-json\/wp\/v2\/comments?post=180202"}],"wp:featuredmedia":[{"embeddable":true,"href":"https:\/\/baldumarket.lt\/lt\/wp-json\/wp\/v2\/media\/180203"}],"wp:attachment":[{"href":"https:\/\/baldumarket.lt\/lt\/wp-json\/wp\/v2\/media?parent=180202"}],"wp:term":[{"taxonomy":"product_brand","embeddable":true,"href":"https:\/\/baldumarket.lt\/lt\/wp-json\/wp\/v2\/product_brand?post=180202"},{"taxonomy":"product_cat","embeddable":true,"href":"https:\/\/baldumarket.lt\/lt\/wp-json\/wp\/v2\/product_cat?post=180202"},{"taxonomy":"product_tag","embeddable":true,"href":"https:\/\/baldumarket.lt\/lt\/wp-json\/wp\/v2\/product_tag?post=180202"}],"curies":[{"name":"wp","href":"https:\/\/api.w.org\/{rel}","templated":true}]}}