{"id":180181,"date":"2025-12-21T22:10:08","date_gmt":"2025-12-21T19:10:08","guid":{"rendered":"https:\/\/baldumarket.lt\/product\/komoda-z-szafkami-i-szuflada-canada-cy4\/"},"modified":"2026-04-14T12:35:42","modified_gmt":"2026-04-14T09:35:42","slug":"komoda-z-szafkami-i-szuflada-canada-cy4","status":"publish","type":"product","link":"https:\/\/baldumarket.lt\/lt\/product\/komoda-z-szafkami-i-szuflada-canada-cy4\/","title":{"rendered":"Komoda \u201eCanada CY4\u201c su stal\u010diais"},"content":{"rendered":"<p>Komoda \u201eCanada CY4\u201c turi dvi spinteles, lentyn\u0105 u\u017e fasad\u0173 ir papildom\u0105 stal\u010di\u0173.<br \/>\nKomoda yra \u201eCanada\u201c miegam\u0173j\u0173 sistemos dalis, kuri\u0105 sudaro spintos, komodos, naktinis staliukas ir lovos.<br \/>\nSavyb\u0117s:<br \/>\nK\u016bnas \u2013 Artisan Oak<br \/>\nFasadai \u2013 Artisan Oak<br \/>\nRankenos \u2013 matin\u0117s juodos<br \/>\n\u012ed\u0117klai \u2013 matin\u0117 juoda<br \/>\nModernus dizainas<br \/>\nTvirtai pagaminta i\u0161 auk\u0161tos kokyb\u0117s laminuotos plok\u0161t\u0117s<br \/>\nPatentuotas dizainas garantuoja auk\u0161\u010diausi\u0105 kokyb\u0119 ir d\u0117mes\u012f detal\u0117ms<br \/>\nKorpusas: laminuota MDF plok\u0161t\u0117<br \/>\nPriekin\u0117 dalis: PVC dengta MDF plok\u0161t\u0117<\/p>","protected":false},"excerpt":{"rendered":"<p>Plotis [cm] 102<br \/>\n\u016agis [cm] 94<br \/>\nGylis [cm] 42<br \/>\nMed\u017eiaga: laminuota plok\u0161t\u0117<br \/>\nKomoda: Artisan \u0105\u017euolas<\/p>","protected":false},"featured_media":180182,"comment_status":"open","ping_status":"open","template":"","meta":[],"product_brand":[],"product_cat":[9577,1173,4746],"product_tag":[],"class_list":{"0":"post-180181","1":"product","2":"type-product","3":"status-publish","4":"has-post-thumbnail","6":"product_cat-wardrobes-canada-fadome","7":"product_cat-chests-of-drawers","8":"product_cat-fadome","10":"first","11":"instock","12":"purchasable","13":"product-type-simple"},"_links":{"self":[{"href":"https:\/\/baldumarket.lt\/lt\/wp-json\/wp\/v2\/product\/180181","targetHints":{"allow":["GET"]}}],"collection":[{"href":"https:\/\/baldumarket.lt\/lt\/wp-json\/wp\/v2\/product"}],"about":[{"href":"https:\/\/baldumarket.lt\/lt\/wp-json\/wp\/v2\/types\/product"}],"replies":[{"embeddable":true,"href":"https:\/\/baldumarket.lt\/lt\/wp-json\/wp\/v2\/comments?post=180181"}],"wp:featuredmedia":[{"embeddable":true,"href":"https:\/\/baldumarket.lt\/lt\/wp-json\/wp\/v2\/media\/180182"}],"wp:attachment":[{"href":"https:\/\/baldumarket.lt\/lt\/wp-json\/wp\/v2\/media?parent=180181"}],"wp:term":[{"taxonomy":"product_brand","embeddable":true,"href":"https:\/\/baldumarket.lt\/lt\/wp-json\/wp\/v2\/product_brand?post=180181"},{"taxonomy":"product_cat","embeddable":true,"href":"https:\/\/baldumarket.lt\/lt\/wp-json\/wp\/v2\/product_cat?post=180181"},{"taxonomy":"product_tag","embeddable":true,"href":"https:\/\/baldumarket.lt\/lt\/wp-json\/wp\/v2\/product_tag?post=180181"}],"curies":[{"name":"wp","href":"https:\/\/api.w.org\/{rel}","templated":true}]}}