{"id":180142,"date":"2025-12-21T22:09:21","date_gmt":"2025-12-21T19:09:21","guid":{"rendered":"https:\/\/baldumarket.lt\/product\/komoda-ryflowane-fronty-candy-c12\/"},"modified":"2026-04-14T12:35:34","modified_gmt":"2026-04-14T09:35:34","slug":"komoda-ryflowane-fronty-candy-c12","status":"publish","type":"product","link":"https:\/\/baldumarket.lt\/lt\/product\/komoda-ryflowane-fronty-candy-c12\/","title":{"rendered":"Komoda su grioveliais priekiais Candy C12"},"content":{"rendered":"<p>\u201eCandy\u201c moduliniai baldai \u2013 tai unikalus svetain\u0117s bald\u0173 komplektas, kur\u012f sudaro:<br \/>\nmodernus dizainas<br \/>\ntvirta konstrukcija, pagaminta i\u0161 auk\u0161tos kokyb\u0117s laminuotos PVC plok\u0161t\u0117s<br \/>\npatentuotas dizainas, garantuojantis auk\u0161\u010diausi\u0105 kokyb\u0119 ir d\u0117mes\u012f detal\u0117ms<br \/>\natskir\u0173 element\u0173 pasirinkimas<br \/>\nLED ap\u0161vietimas kaip standartin\u0117 \u012franga<br \/>\nkorpusas: laminuota bald\u0173 plok\u0161t\u0117<br \/>\npriekis: PVC dengta MDF plok\u0161t\u0117<br \/>\nSpalva:<br \/>\nkorpusas \u2013 \u0105\u017euolas<br \/>\nfasadai \u2013 \u0105\u017euolas su dirbtiniu pavir\u0161iumi + ka\u0161myras<br \/>\ngrioveliais fasadais<br \/>\nrankenos \u2013 auksin\u0117s<br \/>\n\u012e komplekt\u0105 \u012feina LED ap\u0161viestos vitrinos<br \/>\nCandy C12 komoda su grioveliais priekyje \u2013 4 stal\u010diai (3 su atidaromais stumiant \u012f vir\u0161\u0173, 1 rankena) ir dvi papildomos spintel\u0117s.<\/p>","protected":false},"excerpt":{"rendered":"<p>Plotis [cm] 175<br \/>\n\u016agis [cm] 101<br \/>\nGylis [cm] 43<br \/>\nGarantija [m\u0117nesi\u0173] 24<br \/>\nSurinkimas Savaranki\u0161kas surinkimas \u2013 baldai pristatomi pakuot\u0117se su instrukcijomis ir surinkimo priedais<\/p>","protected":false},"featured_media":180143,"comment_status":"open","ping_status":"open","template":"","meta":[],"product_brand":[],"product_cat":[9578,1173,4746],"product_tag":[],"class_list":{"0":"post-180142","1":"product","2":"type-product","3":"status-publish","4":"has-post-thumbnail","6":"product_cat-furniture-system-candy-fadome","7":"product_cat-chests-of-drawers","8":"product_cat-fadome","10":"first","11":"instock","12":"purchasable","13":"product-type-simple"},"_links":{"self":[{"href":"https:\/\/baldumarket.lt\/lt\/wp-json\/wp\/v2\/product\/180142","targetHints":{"allow":["GET"]}}],"collection":[{"href":"https:\/\/baldumarket.lt\/lt\/wp-json\/wp\/v2\/product"}],"about":[{"href":"https:\/\/baldumarket.lt\/lt\/wp-json\/wp\/v2\/types\/product"}],"replies":[{"embeddable":true,"href":"https:\/\/baldumarket.lt\/lt\/wp-json\/wp\/v2\/comments?post=180142"}],"wp:featuredmedia":[{"embeddable":true,"href":"https:\/\/baldumarket.lt\/lt\/wp-json\/wp\/v2\/media\/180143"}],"wp:attachment":[{"href":"https:\/\/baldumarket.lt\/lt\/wp-json\/wp\/v2\/media?parent=180142"}],"wp:term":[{"taxonomy":"product_brand","embeddable":true,"href":"https:\/\/baldumarket.lt\/lt\/wp-json\/wp\/v2\/product_brand?post=180142"},{"taxonomy":"product_cat","embeddable":true,"href":"https:\/\/baldumarket.lt\/lt\/wp-json\/wp\/v2\/product_cat?post=180142"},{"taxonomy":"product_tag","embeddable":true,"href":"https:\/\/baldumarket.lt\/lt\/wp-json\/wp\/v2\/product_tag?post=180142"}],"curies":[{"name":"wp","href":"https:\/\/api.w.org\/{rel}","templated":true}]}}