{"id":180126,"date":"2025-12-21T22:09:00","date_gmt":"2025-12-21T19:09:00","guid":{"rendered":"https:\/\/baldumarket.lt\/product\/komoda-roma-rom12\/"},"modified":"2026-04-14T12:35:27","modified_gmt":"2026-04-14T09:35:27","slug":"komoda-roma-rom12","status":"publish","type":"product","link":"https:\/\/baldumarket.lt\/lt\/product\/komoda-roma-rom12\/","title":{"rendered":"Roma ROM12 komoda"},"content":{"rendered":"<p>\u201eRoma ROM12\u201c komoda \u2013 \u0161i komoda turi tris spinteles (su lentyna viduje) ir tris stal\u010dius.<br \/>\nSpalva:<br \/>\nK\u016bnas \u2013 guoba<br \/>\nFasadai \u2013 blizgi balta + matin\u0117s pilkos spalvos intarpai<br \/>\nLED foninis ap\u0161vietimas<br \/>\n\u201eRoma\u201c sistemos baldai \u2013 tai unikal\u016bs svetain\u0117s ar jaunimo kambario baldai. J\u0173 savyb\u0117s:<br \/>\nModernus dizainas<br \/>\nTvirta konstrukcija, pagaminta i\u0161 auk\u0161tos kokyb\u0117s laminuotos plok\u0161t\u0117s su MDF apdaila<br \/>\nPatentuotas dizainas garantuoja auk\u0161\u010diausi\u0105 kokyb\u0119 ir d\u0117mes\u012f detal\u0117ms<br \/>\nGalima pasirinkti atskirus elementus<br \/>\nLED ap\u0161vietimas kaip standartin\u0117 \u012franga<br \/>\nKorpusas: laminuota bald\u0173 plok\u0161t\u0117<br \/>\nPriekin\u0117 dalis: laminuota bald\u0173 plok\u0161t\u0117 + PVC laminatas<\/p>","protected":false},"excerpt":{"rendered":"<p>Gylis [cm] 43<br \/>\nPlotis [cm] 135<br \/>\n\u016agis [cm] 104<\/p>","protected":false},"featured_media":180127,"comment_status":"open","ping_status":"open","template":"","meta":[],"product_brand":[],"product_cat":[9583,1173,4746],"product_tag":[],"class_list":{"0":"post-180126","1":"product","2":"type-product","3":"status-publish","4":"has-post-thumbnail","6":"product_cat-furniture-system-roma-fadome","7":"product_cat-chests-of-drawers","8":"product_cat-fadome","10":"first","11":"instock","12":"purchasable","13":"product-type-simple"},"_links":{"self":[{"href":"https:\/\/baldumarket.lt\/lt\/wp-json\/wp\/v2\/product\/180126","targetHints":{"allow":["GET"]}}],"collection":[{"href":"https:\/\/baldumarket.lt\/lt\/wp-json\/wp\/v2\/product"}],"about":[{"href":"https:\/\/baldumarket.lt\/lt\/wp-json\/wp\/v2\/types\/product"}],"replies":[{"embeddable":true,"href":"https:\/\/baldumarket.lt\/lt\/wp-json\/wp\/v2\/comments?post=180126"}],"wp:featuredmedia":[{"embeddable":true,"href":"https:\/\/baldumarket.lt\/lt\/wp-json\/wp\/v2\/media\/180127"}],"wp:attachment":[{"href":"https:\/\/baldumarket.lt\/lt\/wp-json\/wp\/v2\/media?parent=180126"}],"wp:term":[{"taxonomy":"product_brand","embeddable":true,"href":"https:\/\/baldumarket.lt\/lt\/wp-json\/wp\/v2\/product_brand?post=180126"},{"taxonomy":"product_cat","embeddable":true,"href":"https:\/\/baldumarket.lt\/lt\/wp-json\/wp\/v2\/product_cat?post=180126"},{"taxonomy":"product_tag","embeddable":true,"href":"https:\/\/baldumarket.lt\/lt\/wp-json\/wp\/v2\/product_tag?post=180126"}],"curies":[{"name":"wp","href":"https:\/\/api.w.org\/{rel}","templated":true}]}}