{"id":180123,"date":"2025-12-21T22:08:56","date_gmt":"2025-12-21T19:08:56","guid":{"rendered":"https:\/\/baldumarket.lt\/product\/komoda-loftowa-z-lamelami-130-cm-artiz\/"},"modified":"2026-04-14T12:35:27","modified_gmt":"2026-04-14T09:35:27","slug":"komoda-loftowa-z-lamelami-130-cm-artiz","status":"publish","type":"product","link":"https:\/\/baldumarket.lt\/lt\/product\/komoda-loftowa-z-lamelami-130-cm-artiz\/","title":{"rendered":"Lofto stiliaus komoda su grotel\u0117mis 130 cm Artiz"},"content":{"rendered":"<p>Artiz 130 cm pal\u0117p\u0117s komoda su grotel\u0117mis \u2013 turi spintel\u0119 ir keturis stal\u010dius.<br \/>\nSavyb\u0117s:<br \/>\nK\u016bnas \u2013 Artisan Oak<br \/>\nFasadai \u2013 Artisan Oak + matin\u0117 juoda<br \/>\nGroteli\u0173 \u012fd\u0117klai<br \/>\nRankenos \u2013 juodos<br \/>\nModernus dizainas<br \/>\nTvirtai pagaminta i\u0161 auk\u0161tos kokyb\u0117s laminuotos PVC plok\u0161t\u0117s<br \/>\nPatentuotas dizainas garantuoja auk\u0161\u010diausi\u0105 kokyb\u0119 ir d\u0117mes\u012f detal\u0117ms<br \/>\nKorpusas: laminuota bald\u0173 plok\u0161t\u0117<br \/>\nPriekin\u0117 dalis: laminuota bald\u0173 plok\u0161t\u0117<br \/>\n\u0160velniai u\u017esidarantys vyriai<br \/>\n3\/4 prailginimo stal\u010di\u0173 b\u0117geliai, tvirtinami apa\u010dioje, \u0161velnaus u\u017edarymo<br \/>\nKomoda dera prie to paties pavadinimo spintos.<\/p>","protected":false},"excerpt":{"rendered":"<p>Plotis [cm] 130<br \/>\n\u016agis [cm] 92<br \/>\nGylis [cm] 37<br \/>\nKomodos stilius: pal\u0117p\u0117<br \/>\nMed\u017eiaga: laminuota plok\u0161t\u0117<br \/>\nKomodos spalva: \u0105\u017euolas<\/p>","protected":false},"featured_media":180124,"comment_status":"open","ping_status":"open","template":"","meta":[],"product_brand":[],"product_cat":[9595,1173,4746],"product_tag":[],"class_list":{"0":"post-180123","1":"product","2":"type-product","3":"status-publish","4":"has-post-thumbnail","6":"product_cat-wardrobes-artiz-fadome","7":"product_cat-chests-of-drawers","8":"product_cat-fadome","10":"first","11":"instock","12":"purchasable","13":"product-type-simple"},"_links":{"self":[{"href":"https:\/\/baldumarket.lt\/lt\/wp-json\/wp\/v2\/product\/180123","targetHints":{"allow":["GET"]}}],"collection":[{"href":"https:\/\/baldumarket.lt\/lt\/wp-json\/wp\/v2\/product"}],"about":[{"href":"https:\/\/baldumarket.lt\/lt\/wp-json\/wp\/v2\/types\/product"}],"replies":[{"embeddable":true,"href":"https:\/\/baldumarket.lt\/lt\/wp-json\/wp\/v2\/comments?post=180123"}],"wp:featuredmedia":[{"embeddable":true,"href":"https:\/\/baldumarket.lt\/lt\/wp-json\/wp\/v2\/media\/180124"}],"wp:attachment":[{"href":"https:\/\/baldumarket.lt\/lt\/wp-json\/wp\/v2\/media?parent=180123"}],"wp:term":[{"taxonomy":"product_brand","embeddable":true,"href":"https:\/\/baldumarket.lt\/lt\/wp-json\/wp\/v2\/product_brand?post=180123"},{"taxonomy":"product_cat","embeddable":true,"href":"https:\/\/baldumarket.lt\/lt\/wp-json\/wp\/v2\/product_cat?post=180123"},{"taxonomy":"product_tag","embeddable":true,"href":"https:\/\/baldumarket.lt\/lt\/wp-json\/wp\/v2\/product_tag?post=180123"}],"curies":[{"name":"wp","href":"https:\/\/api.w.org\/{rel}","templated":true}]}}