{"id":180105,"date":"2025-12-21T22:08:30","date_gmt":"2025-12-21T19:08:30","guid":{"rendered":"https:\/\/baldumarket.lt\/product\/komoda-effect-ef3k-dab-lancelot\/"},"modified":"2026-04-14T12:35:27","modified_gmt":"2026-04-14T09:35:27","slug":"komoda-effect-ef3k-dab-lancelot","status":"publish","type":"product","link":"https:\/\/baldumarket.lt\/lt\/product\/komoda-effect-ef3k-dab-lancelot\/","title":{"rendered":"Efektas EF3K komoda, \u0105\u017euolas \u201eLancelot\u201c"},"content":{"rendered":"<p>\u201eEffect Lancelot\u201c komoda \u2013 tai didelio dyd\u017eio baldas su didele talpa daiktams susid\u0117ti, puikiai tinkantis miegamiesiems, svetain\u0117ms ir koridoriams. Funkcinis vidaus i\u0161d\u0117stymas \u2013 lentynos ir stal\u010diai.<br \/>\nSavyb\u0117s:<br \/>\nPatentuotas dizainas Lenkijos patent\u0173 biure<br \/>\nPriekin\u0117s dalys padengtos sm\u016bgiams atsparia PVC fanera<br \/>\nDvi spintel\u0117s<br \/>\nDu stal\u010diai<br \/>\n\u012eduba<br \/>\nSpalvos:<br \/>\nK\u016bnas \u2013 Lancelot \u0105\u017euolas<br \/>\nFasadai \u2013 Lancelot \u0105\u017euolas<br \/>\n\u012ed\u0117klai \u2013 Kongas<\/p>","protected":false},"excerpt":{"rendered":"<p>Plotis [cm] 130<br \/>\n\u016agis [cm] 105<br \/>\nGylis [cm] 42<br \/>\nKomoda: moderni<br \/>\nMed\u017eiaga: laminuota plok\u0161t\u0117<br \/>\nKomoda: \u0105\u017euolas \u201eLancelot\u201c<\/p>","protected":false},"featured_media":180106,"comment_status":"open","ping_status":"open","template":"","meta":[],"product_brand":[],"product_cat":[9590,1173,4746],"product_tag":[],"class_list":{"0":"post-180105","1":"product","2":"type-product","3":"status-publish","4":"has-post-thumbnail","6":"product_cat-furniture-system-effect-fadome","7":"product_cat-chests-of-drawers","8":"product_cat-fadome","10":"first","11":"instock","12":"purchasable","13":"product-type-simple"},"_links":{"self":[{"href":"https:\/\/baldumarket.lt\/lt\/wp-json\/wp\/v2\/product\/180105","targetHints":{"allow":["GET"]}}],"collection":[{"href":"https:\/\/baldumarket.lt\/lt\/wp-json\/wp\/v2\/product"}],"about":[{"href":"https:\/\/baldumarket.lt\/lt\/wp-json\/wp\/v2\/types\/product"}],"replies":[{"embeddable":true,"href":"https:\/\/baldumarket.lt\/lt\/wp-json\/wp\/v2\/comments?post=180105"}],"wp:featuredmedia":[{"embeddable":true,"href":"https:\/\/baldumarket.lt\/lt\/wp-json\/wp\/v2\/media\/180106"}],"wp:attachment":[{"href":"https:\/\/baldumarket.lt\/lt\/wp-json\/wp\/v2\/media?parent=180105"}],"wp:term":[{"taxonomy":"product_brand","embeddable":true,"href":"https:\/\/baldumarket.lt\/lt\/wp-json\/wp\/v2\/product_brand?post=180105"},{"taxonomy":"product_cat","embeddable":true,"href":"https:\/\/baldumarket.lt\/lt\/wp-json\/wp\/v2\/product_cat?post=180105"},{"taxonomy":"product_tag","embeddable":true,"href":"https:\/\/baldumarket.lt\/lt\/wp-json\/wp\/v2\/product_tag?post=180105"}],"curies":[{"name":"wp","href":"https:\/\/api.w.org\/{rel}","templated":true}]}}