{"id":180099,"date":"2025-12-21T22:08:24","date_gmt":"2025-12-21T19:08:24","guid":{"rendered":"https:\/\/baldumarket.lt\/product\/komoda-effect-ef1k-sosna-andersen\/"},"modified":"2026-04-14T12:35:27","modified_gmt":"2026-04-14T09:35:27","slug":"komoda-effect-ef1k-sosna-andersen","status":"publish","type":"product","link":"https:\/\/baldumarket.lt\/lt\/product\/komoda-effect-ef1k-sosna-andersen\/","title":{"rendered":"Efektas EF1K komoda, Anderseno pu\u0161is"},"content":{"rendered":"<p>Komoda su Anderseno efektu yra didelio dyd\u017eio baldas su didele talpa daiktams susid\u0117ti, puikiai tinkantis miegamiesiems, svetain\u0117ms ir koridoriams. Funkcinis vidaus i\u0161d\u0117stymas pasi\u017eymi lentynomis ir stal\u010diais.<br \/>\nSavyb\u0117s:<br \/>\nPatentuotas dizainas Lenkijos patent\u0173 biure<br \/>\nPriekin\u0117s dalys padengtos sm\u016bgiams atsparia PVC fanera<br \/>\nDvi spintel\u0117s<br \/>\nDu stal\u010diai<br \/>\n\u012eduba<br \/>\nSpalvos:<br \/>\nK\u016bnas \u2013 Andersenas<br \/>\nFasadai \u2013 Andersenas<br \/>\n\u012ed\u0117klai \u2013 Lancelot<\/p>","protected":false},"excerpt":{"rendered":"<p>Plotis [cm] 130<br \/>\n\u016agis [cm] 105<br \/>\nGylis [cm] 42<br \/>\nKomodos stilius: modernus<br \/>\nMed\u017eiaga: laminuota plok\u0161t\u0117<br \/>\nKomodos spalva: Anderseno pu\u0161is<\/p>","protected":false},"featured_media":180100,"comment_status":"open","ping_status":"open","template":"","meta":[],"product_brand":[],"product_cat":[9590,1173,4746],"product_tag":[],"class_list":{"0":"post-180099","1":"product","2":"type-product","3":"status-publish","4":"has-post-thumbnail","6":"product_cat-furniture-system-effect-fadome","7":"product_cat-chests-of-drawers","8":"product_cat-fadome","10":"first","11":"instock","12":"purchasable","13":"product-type-simple"},"_links":{"self":[{"href":"https:\/\/baldumarket.lt\/lt\/wp-json\/wp\/v2\/product\/180099","targetHints":{"allow":["GET"]}}],"collection":[{"href":"https:\/\/baldumarket.lt\/lt\/wp-json\/wp\/v2\/product"}],"about":[{"href":"https:\/\/baldumarket.lt\/lt\/wp-json\/wp\/v2\/types\/product"}],"replies":[{"embeddable":true,"href":"https:\/\/baldumarket.lt\/lt\/wp-json\/wp\/v2\/comments?post=180099"}],"wp:featuredmedia":[{"embeddable":true,"href":"https:\/\/baldumarket.lt\/lt\/wp-json\/wp\/v2\/media\/180100"}],"wp:attachment":[{"href":"https:\/\/baldumarket.lt\/lt\/wp-json\/wp\/v2\/media?parent=180099"}],"wp:term":[{"taxonomy":"product_brand","embeddable":true,"href":"https:\/\/baldumarket.lt\/lt\/wp-json\/wp\/v2\/product_brand?post=180099"},{"taxonomy":"product_cat","embeddable":true,"href":"https:\/\/baldumarket.lt\/lt\/wp-json\/wp\/v2\/product_cat?post=180099"},{"taxonomy":"product_tag","embeddable":true,"href":"https:\/\/baldumarket.lt\/lt\/wp-json\/wp\/v2\/product_tag?post=180099"}],"curies":[{"name":"wp","href":"https:\/\/api.w.org\/{rel}","templated":true}]}}