{"id":180051,"date":"2025-12-21T22:07:21","date_gmt":"2025-12-21T19:07:21","guid":{"rendered":"https:\/\/baldumarket.lt\/product\/front-zmywarki-panel-ukryty-smart-sc-zm-45-congo\/"},"modified":"2026-03-30T19:33:01","modified_gmt":"2026-03-30T16:33:01","slug":"front-zmywarki-panel-ukryty-smart-sc-zm-45-congo","status":"publish","type":"product","link":"https:\/\/baldumarket.lt\/lt\/product\/front-zmywarki-panel-ukryty-smart-sc-zm-45-congo\/","title":{"rendered":"Indaplov\u0117s priekinis skydelis pasl\u0117ptas \u201eSmart SC-zm 45 congo\u201c"},"content":{"rendered":"<p>\u201eSmart Kitchen\u201c \u2013 tai modernus ir ergonomi\u0161kas virtuv\u0117s bald\u0173 komplektas, kuriam b\u016bdingos \u0161ios savyb\u0117s:<br \/>\nlaminuot\u0173 plok\u0161\u010di\u0173 korpusai<br \/>\nlaminuot\u0173 plok\u0161\u010di\u0173 pagrindai<br \/>\nlaminuot\u0173 plok\u0161\u010di\u0173 fasadai<br \/>\n10 cm auk\u0161\u010dio reguliuojamo auk\u0161\u010dio kojel\u0117s (9,5\u201313 cm reguliuojamos)<br \/>\nmetalin\u0117s rankenos<br \/>\n\u0161velniai u\u017esidarantys vyriai, kurie u\u017edaro duris neu\u017etrenkdami<br \/>\nvir\u0161utin\u0117s spintel\u0117s su auk\u0161\u010dio ir kampo reguliavimu<br \/>\nPapildomos funkcijos:<br \/>\nPagrindin\u0117 aparatin\u0117 \u012franga:<br \/>\nGTV arba NTP b\u0117giai (metalin\u0117 d\u0117\u017e\u0117 su stabd\u017eiais)<br \/>\nduj\u0173 keltuvai<br \/>\nPrabangi \u012franga galima \u012fsigyti u\u017e papildom\u0105 mokest\u012f:<br \/>\nHafele b\u0117geliai (\u0161velniai u\u017esidarantys)<br \/>\nBlum keltuvai<br \/>\nSpalvos:<br \/>\nKongo frezuoti fasadai<br \/>\nKorpuso spalv\u0173 pasirinkimas i\u0161 trij\u0173: Sonoma Oak, Artisan Oak arba Andersen Pine<br \/>\nCokolin\u0117s grindys \u2013 trij\u0173 spalv\u0173 pasirinkimas \u2013 Sonoma \u0105\u017euolas, Artisan \u0105\u017euolas arba Andersen pu\u0161is<br \/>\nI\u0161manioji SC-zm 45 indaplov\u0117s priekin\u0117 dalis su pasl\u0117ptu skydeliu.<\/p>","protected":false},"excerpt":{"rendered":"<p>Plotis [cm] 45<br \/>\n\u016agis [cm] 72<\/p>","protected":false},"featured_media":180052,"comment_status":"open","ping_status":"open","template":"","meta":[],"product_brand":[],"product_cat":[9585,4746],"product_tag":[],"class_list":{"0":"post-180051","1":"product","2":"type-product","3":"status-publish","4":"has-post-thumbnail","6":"product_cat-kitchen-furniture-smart-fadome","7":"product_cat-fadome","9":"first","10":"instock","11":"purchasable","12":"product-type-simple"},"_links":{"self":[{"href":"https:\/\/baldumarket.lt\/lt\/wp-json\/wp\/v2\/product\/180051","targetHints":{"allow":["GET"]}}],"collection":[{"href":"https:\/\/baldumarket.lt\/lt\/wp-json\/wp\/v2\/product"}],"about":[{"href":"https:\/\/baldumarket.lt\/lt\/wp-json\/wp\/v2\/types\/product"}],"replies":[{"embeddable":true,"href":"https:\/\/baldumarket.lt\/lt\/wp-json\/wp\/v2\/comments?post=180051"}],"wp:featuredmedia":[{"embeddable":true,"href":"https:\/\/baldumarket.lt\/lt\/wp-json\/wp\/v2\/media\/180052"}],"wp:attachment":[{"href":"https:\/\/baldumarket.lt\/lt\/wp-json\/wp\/v2\/media?parent=180051"}],"wp:term":[{"taxonomy":"product_brand","embeddable":true,"href":"https:\/\/baldumarket.lt\/lt\/wp-json\/wp\/v2\/product_brand?post=180051"},{"taxonomy":"product_cat","embeddable":true,"href":"https:\/\/baldumarket.lt\/lt\/wp-json\/wp\/v2\/product_cat?post=180051"},{"taxonomy":"product_tag","embeddable":true,"href":"https:\/\/baldumarket.lt\/lt\/wp-json\/wp\/v2\/product_tag?post=180051"}],"curies":[{"name":"wp","href":"https:\/\/api.w.org\/{rel}","templated":true}]}}