{"id":180003,"date":"2025-12-21T22:06:17","date_gmt":"2025-12-21T19:06:17","guid":{"rendered":"https:\/\/baldumarket.lt\/product\/front-zmywarki-panel-ukryty-global-glo-zm-45\/"},"modified":"2026-03-30T19:33:12","modified_gmt":"2026-03-30T16:33:12","slug":"front-zmywarki-panel-ukryty-global-glo-zm-45","status":"publish","type":"product","link":"https:\/\/baldumarket.lt\/lt\/product\/front-zmywarki-panel-ukryty-global-glo-zm-45\/","title":{"rendered":"Indaplov\u0117s priekin\u0117 panel\u0117 pasl\u0117pta Global GLO-zm 45"},"content":{"rendered":"<p>\u201eGlobal Kitchen\u201c \u2013 tai modernus ir ergonomi\u0161kas virtuv\u0117s bald\u0173 komplektas, kur\u012f sudaro:<br \/>\nlaminuot\u0173 plok\u0161\u010di\u0173 korpusai<br \/>\nlaminuot\u0173 plok\u0161\u010di\u0173 pagrindai<br \/>\nlaminuot\u0173 plok\u0161\u010di\u0173 fasadai<br \/>\n10 cm auk\u0161\u010dio reguliuojamo auk\u0161\u010dio kojel\u0117s (reguliuojamos 9,5\u201313 cm)<br \/>\nmetalin\u0117s rankenos<br \/>\npastaba \u2013 frezavimas ant kiekvienos rankenos<br \/>\n\u0161velniai u\u017esidarantys vyriai, leid\u017eiantys durims u\u017esidaryti be trenksmo<br \/>\nvir\u0161utin\u0117s spintel\u0117s su auk\u0161\u010dio ir kampo reguliavimu<br \/>\nPapildomos funkcijos:<br \/>\nPagrindin\u0117 aparatin\u0117 \u012franga:<br \/>\nGTV arba NTP b\u0117giai (metalin\u0117 d\u0117\u017e\u0117 su stabd\u017eiais)<br \/>\nduj\u0173 keltuvai<br \/>\nPrabangi \u012franga galima \u012fsigyti u\u017e papildom\u0105 mokest\u012f:<br \/>\nHafele b\u0117geliai (\u0161velniai u\u017esidarantys)<br \/>\nBlum keltuvai<br \/>\nSpalvos:<br \/>\nvir\u0161utiniai fasadai \u2013 blizgi balta + blizgi pilka<br \/>\napatiniai fasadai \u2013 blizgi balta + pilka blizgi<br \/>\nR\u0117mas \u2013 Pasirinkite vien\u0105 i\u0161 trij\u0173 spalv\u0173: Sonoma Oak, Artisan Oak arba Andersen Pine<br \/>\nCokolin\u0117s grindys \u2013 rinkit\u0117s i\u0161 trij\u0173 spalv\u0173: Sonoma \u0105\u017euolo, Artisan \u0105\u017euolo arba Andersen pu\u0161ies<br \/>\n\u201eGlobal GLO-zm 45\u201c indaplov\u0117s priekin\u0117 dalis.<\/p>","protected":false},"excerpt":{"rendered":"<p>Plotis [cm] 45<br \/>\n\u016agis [cm] 72<\/p>","protected":false},"featured_media":180004,"comment_status":"open","ping_status":"open","template":"","meta":[],"product_brand":[],"product_cat":[9580,4746],"product_tag":[],"class_list":{"0":"post-180003","1":"product","2":"type-product","3":"status-publish","4":"has-post-thumbnail","6":"product_cat-kitchen-furniture-global-fadome","7":"product_cat-fadome","9":"first","10":"instock","11":"purchasable","12":"product-type-simple"},"_links":{"self":[{"href":"https:\/\/baldumarket.lt\/lt\/wp-json\/wp\/v2\/product\/180003","targetHints":{"allow":["GET"]}}],"collection":[{"href":"https:\/\/baldumarket.lt\/lt\/wp-json\/wp\/v2\/product"}],"about":[{"href":"https:\/\/baldumarket.lt\/lt\/wp-json\/wp\/v2\/types\/product"}],"replies":[{"embeddable":true,"href":"https:\/\/baldumarket.lt\/lt\/wp-json\/wp\/v2\/comments?post=180003"}],"wp:featuredmedia":[{"embeddable":true,"href":"https:\/\/baldumarket.lt\/lt\/wp-json\/wp\/v2\/media\/180004"}],"wp:attachment":[{"href":"https:\/\/baldumarket.lt\/lt\/wp-json\/wp\/v2\/media?parent=180003"}],"wp:term":[{"taxonomy":"product_brand","embeddable":true,"href":"https:\/\/baldumarket.lt\/lt\/wp-json\/wp\/v2\/product_brand?post=180003"},{"taxonomy":"product_cat","embeddable":true,"href":"https:\/\/baldumarket.lt\/lt\/wp-json\/wp\/v2\/product_cat?post=180003"},{"taxonomy":"product_tag","embeddable":true,"href":"https:\/\/baldumarket.lt\/lt\/wp-json\/wp\/v2\/product_tag?post=180003"}],"curies":[{"name":"wp","href":"https:\/\/api.w.org\/{rel}","templated":true}]}}