{"id":179903,"date":"2025-12-21T22:04:02","date_gmt":"2025-12-21T19:04:02","guid":{"rendered":"https:\/\/baldumarket.lt\/product\/cokol-160-m-do-kuchni-producenta-28\/"},"modified":"2026-03-30T19:33:33","modified_gmt":"2026-03-30T16:33:33","slug":"cokol-160-m-do-kuchni-producenta-28","status":"publish","type":"product","link":"https:\/\/baldumarket.lt\/lt\/product\/cokol-160-m-do-kuchni-producenta-28\/","title":{"rendered":"1,60 m cokolis virtuv\u0117s gamintojui 28"},"content":{"rendered":"<p>1,6 m virtuv\u0117s cokolis i\u0161 gamintojo 028 \u2013 \u0161is priekinis cokolis dengia kojas \u2013 yra trij\u0173 spalv\u0173.<br \/>\nCokol\u012f galima si\u0173sti tik u\u017esakant virtuves ar virtuv\u0117s spinteles i\u0161 gamintojo 028.<\/p>","protected":false},"excerpt":{"rendered":"<p>Auk\u0161tis [cm] 10<br \/>\nilgis [cm] 160<\/p>","protected":false},"featured_media":179904,"comment_status":"open","ping_status":"open","template":"","meta":[],"product_brand":[],"product_cat":[1043,4746],"product_tag":[],"class_list":{"0":"post-179903","1":"product","2":"type-product","3":"status-publish","4":"has-post-thumbnail","6":"product_cat-extras","7":"product_cat-fadome","9":"first","10":"instock","11":"purchasable","12":"product-type-simple"},"_links":{"self":[{"href":"https:\/\/baldumarket.lt\/lt\/wp-json\/wp\/v2\/product\/179903","targetHints":{"allow":["GET"]}}],"collection":[{"href":"https:\/\/baldumarket.lt\/lt\/wp-json\/wp\/v2\/product"}],"about":[{"href":"https:\/\/baldumarket.lt\/lt\/wp-json\/wp\/v2\/types\/product"}],"replies":[{"embeddable":true,"href":"https:\/\/baldumarket.lt\/lt\/wp-json\/wp\/v2\/comments?post=179903"}],"wp:featuredmedia":[{"embeddable":true,"href":"https:\/\/baldumarket.lt\/lt\/wp-json\/wp\/v2\/media\/179904"}],"wp:attachment":[{"href":"https:\/\/baldumarket.lt\/lt\/wp-json\/wp\/v2\/media?parent=179903"}],"wp:term":[{"taxonomy":"product_brand","embeddable":true,"href":"https:\/\/baldumarket.lt\/lt\/wp-json\/wp\/v2\/product_brand?post=179903"},{"taxonomy":"product_cat","embeddable":true,"href":"https:\/\/baldumarket.lt\/lt\/wp-json\/wp\/v2\/product_cat?post=179903"},{"taxonomy":"product_tag","embeddable":true,"href":"https:\/\/baldumarket.lt\/lt\/wp-json\/wp\/v2\/product_tag?post=179903"}],"curies":[{"name":"wp","href":"https:\/\/api.w.org\/{rel}","templated":true}]}}