{"id":179895,"date":"2025-12-21T22:03:53","date_gmt":"2025-12-21T19:03:53","guid":{"rendered":"https:\/\/baldumarket.lt\/product\/blat-do-kuchni-producenta-028-grubosc-38-mm\/"},"modified":"2026-03-30T19:33:33","modified_gmt":"2026-03-30T16:33:33","slug":"blat-do-kuchni-producenta-028-grubosc-38-mm","status":"publish","type":"product","link":"https:\/\/baldumarket.lt\/lt\/product\/blat-do-kuchni-producenta-028-grubosc-38-mm\/","title":{"rendered":"Virtuv\u0117s stalvir\u0161is i\u0161 gamintojo 028, storis 38 mm"},"content":{"rendered":"<p>38 mm storio virtuv\u0117s stalvir\u0161is i\u0161 gamintojo 028, galima \u012fsigyti \u0161i\u0173 spalv\u0173:<br \/>\nLancelot \u0105\u017euolas, 38 mm storio<br \/>\nRuda, 38 mm storio<br \/>\nArtisan \u0105\u017euolas, 38 mm storio<\/p>","protected":false},"excerpt":{"rendered":"<p>\u016agis [cm] 3,8<br \/>\nGylis [cm] 60<br \/>\nPlotis [cm] nuo 30 iki 300<\/p>","protected":false},"featured_media":179896,"comment_status":"open","ping_status":"open","template":"","meta":[],"product_brand":[],"product_cat":[1043,4746],"product_tag":[],"class_list":{"0":"post-179895","1":"product","2":"type-product","3":"status-publish","4":"has-post-thumbnail","6":"product_cat-extras","7":"product_cat-fadome","9":"first","10":"instock","11":"purchasable","12":"product-type-simple"},"_links":{"self":[{"href":"https:\/\/baldumarket.lt\/lt\/wp-json\/wp\/v2\/product\/179895","targetHints":{"allow":["GET"]}}],"collection":[{"href":"https:\/\/baldumarket.lt\/lt\/wp-json\/wp\/v2\/product"}],"about":[{"href":"https:\/\/baldumarket.lt\/lt\/wp-json\/wp\/v2\/types\/product"}],"replies":[{"embeddable":true,"href":"https:\/\/baldumarket.lt\/lt\/wp-json\/wp\/v2\/comments?post=179895"}],"wp:featuredmedia":[{"embeddable":true,"href":"https:\/\/baldumarket.lt\/lt\/wp-json\/wp\/v2\/media\/179896"}],"wp:attachment":[{"href":"https:\/\/baldumarket.lt\/lt\/wp-json\/wp\/v2\/media?parent=179895"}],"wp:term":[{"taxonomy":"product_brand","embeddable":true,"href":"https:\/\/baldumarket.lt\/lt\/wp-json\/wp\/v2\/product_brand?post=179895"},{"taxonomy":"product_cat","embeddable":true,"href":"https:\/\/baldumarket.lt\/lt\/wp-json\/wp\/v2\/product_cat?post=179895"},{"taxonomy":"product_tag","embeddable":true,"href":"https:\/\/baldumarket.lt\/lt\/wp-json\/wp\/v2\/product_tag?post=179895"}],"curies":[{"name":"wp","href":"https:\/\/api.w.org\/{rel}","templated":true}]}}