{"id":179882,"date":"2025-12-21T13:06:50","date_gmt":"2025-12-21T10:06:50","guid":{"rendered":"https:\/\/baldumarket.lt\/product\/wysoka-komoda-90-monaco-mona-040-14-fronty-z-masywu-debowego-4-x-drzwi-drewno-1-x-szuflada\/"},"modified":"2026-03-04T17:55:29","modified_gmt":"2026-03-04T14:55:29","slug":"wysoka-komoda-90-monaco-mona-040-14-fronty-z-masywu-debowego-4-x-drzwi-drewno-1-x-szuflada","status":"publish","type":"product","link":"https:\/\/baldumarket.lt\/lt\/product\/wysoka-komoda-90-monaco-mona-040-14-fronty-z-masywu-debowego-4-x-drzwi-drewno-1-x-szuflada\/","title":{"rendered":"Auk\u0161ta komoda 90 MONACO &#8211; MONA.040.14 \u0105\u017euolo masyvo fasadai 4 x medin\u0117s durys 1 x stal\u010dius"},"content":{"rendered":"<p>Auk\u0161ta komoda MONA.040.14 \u2013 tai eleganti\u0161kas baldas, puikiai derinantis nat\u016bral\u0173 med\u017eio gro\u017e\u012f su moderniu dizainu. D\u0117l grak\u0161\u010dios formos ir gerai apgalvoto i\u0161d\u0117stymo ji puikiai tinka \u012fvairiems interjero dizainams, suteikia \u0161ilumos ir harmonijos. Medaus spalvos \u0105\u017euolas pary\u0161kina kilnias med\u017eiagas, o subtilios metalin\u0117s detal\u0117s suteikia modernumo. \u0160is prakti\u0161kas ir stilingas dizaino elementas derina funkcionalum\u0105 su auk\u0161\u010diausios klas\u0117s estetika.<\/p>","protected":false},"excerpt":{"rendered":"<p>Plotis: 89 cm<br \/>\nGylis: 39 cm<br \/>\n\u016agis: 128 cm<\/p>","protected":false},"featured_media":179883,"comment_status":"open","ping_status":"open","template":"","meta":[],"product_brand":[],"product_cat":[9796,1173,4745],"product_tag":[],"class_list":{"0":"post-179882","1":"product","2":"type-product","3":"status-publish","4":"has-post-thumbnail","6":"product_cat-furniture-system-monaco-krysiak","7":"product_cat-chests-of-drawers","8":"product_cat-krysiak","10":"first","11":"instock","12":"purchasable","13":"product-type-simple"},"_links":{"self":[{"href":"https:\/\/baldumarket.lt\/lt\/wp-json\/wp\/v2\/product\/179882","targetHints":{"allow":["GET"]}}],"collection":[{"href":"https:\/\/baldumarket.lt\/lt\/wp-json\/wp\/v2\/product"}],"about":[{"href":"https:\/\/baldumarket.lt\/lt\/wp-json\/wp\/v2\/types\/product"}],"replies":[{"embeddable":true,"href":"https:\/\/baldumarket.lt\/lt\/wp-json\/wp\/v2\/comments?post=179882"}],"wp:featuredmedia":[{"embeddable":true,"href":"https:\/\/baldumarket.lt\/lt\/wp-json\/wp\/v2\/media\/179883"}],"wp:attachment":[{"href":"https:\/\/baldumarket.lt\/lt\/wp-json\/wp\/v2\/media?parent=179882"}],"wp:term":[{"taxonomy":"product_brand","embeddable":true,"href":"https:\/\/baldumarket.lt\/lt\/wp-json\/wp\/v2\/product_brand?post=179882"},{"taxonomy":"product_cat","embeddable":true,"href":"https:\/\/baldumarket.lt\/lt\/wp-json\/wp\/v2\/product_cat?post=179882"},{"taxonomy":"product_tag","embeddable":true,"href":"https:\/\/baldumarket.lt\/lt\/wp-json\/wp\/v2\/product_tag?post=179882"}],"curies":[{"name":"wp","href":"https:\/\/api.w.org\/{rel}","templated":true}]}}