{"id":179880,"date":"2025-12-21T13:06:49","date_gmt":"2025-12-21T10:06:49","guid":{"rendered":"https:\/\/baldumarket.lt\/product\/wkladka-do-stolu-loft-lof-171-dx\/"},"modified":"2026-03-04T18:35:56","modified_gmt":"2026-03-04T15:35:56","slug":"wkladka-do-stolu-loft-lof-171-dx","status":"publish","type":"product","link":"https:\/\/baldumarket.lt\/lt\/product\/wkladka-do-stolu-loft-lof-171-dx\/","title":{"rendered":"LOFT stalo  &#8211; LOF.171.DX"},"content":{"rendered":"<p>Pal\u0117p\u0117s stalo \u012fd\u0117klas \u2013 LOF.171.XX Pal\u0117p\u0117s stalo \u012fd\u0117klas yra prakti\u0161kas priedas, leid\u017eiantis lanks\u010diai pritaikyti stalo dyd\u012f pagal savo poreikius. \u0160is universalus \u012fd\u0117klas yra 50 \u00d7 90 cm dyd\u017eio ir lengvai pritvirtinamas prie stalo priekio. Su \u0161iuo \u012fd\u0117klu galite prailginti \u201eLoft\u201c stalvir\u0161\u012f, taip suteikdami papildomos erdv\u0117s didesniems \u0161eimos susib\u016brimams ar vakar\u0117liams. \u012ed\u0117klas pagamintas i\u0161 auk\u0161tos kokyb\u0117s med\u017eiag\u0173, u\u017etikrinan\u010di\u0173 patvarum\u0105 ir tvirtum\u0105. Jei norite didesn\u0117s erdv\u0117s valgymui ar darbui, \u201eLoft\u201c stalo \u012fd\u0117klas yra puikus sprendimas. Be to, d\u0117l universalaus dizaino jis dera prie \u012fvairi\u0173 \u201eLoft\u201c kolekcijos stal\u0173 variant\u0173. \u201eLoft\u201c stalo \u012fd\u0117klo naudojimas yra paprastas ir patogus, o tikslus jo apdirbimas u\u017etikrina puik\u0173 der\u0117jim\u0105 prie stalvir\u0161io. Atraskite \u201eLoft\u201c stalo \u012fd\u0117klo si\u016blom\u0105 lankstum\u0105 ir funkcionalum\u0105 ir m\u0117gaukit\u0117s savo pal\u0117p\u0117s interjero patogumu ir komfortu.<\/p>","protected":false},"excerpt":{"rendered":"<p>Plotis: 90 cm<br \/>\nGylis: 50 cm<\/p>","protected":false},"featured_media":179881,"comment_status":"open","ping_status":"open","template":"","meta":[],"product_brand":[],"product_cat":[9799,4745,1934],"product_tag":[],"class_list":{"0":"post-179880","1":"product","2":"type-product","3":"status-publish","4":"has-post-thumbnail","6":"product_cat-furniture-system-loft-krysiak","7":"product_cat-krysiak","8":"product_cat-tables","10":"first","11":"instock","12":"purchasable","13":"product-type-simple"},"_links":{"self":[{"href":"https:\/\/baldumarket.lt\/lt\/wp-json\/wp\/v2\/product\/179880","targetHints":{"allow":["GET"]}}],"collection":[{"href":"https:\/\/baldumarket.lt\/lt\/wp-json\/wp\/v2\/product"}],"about":[{"href":"https:\/\/baldumarket.lt\/lt\/wp-json\/wp\/v2\/types\/product"}],"replies":[{"embeddable":true,"href":"https:\/\/baldumarket.lt\/lt\/wp-json\/wp\/v2\/comments?post=179880"}],"wp:featuredmedia":[{"embeddable":true,"href":"https:\/\/baldumarket.lt\/lt\/wp-json\/wp\/v2\/media\/179881"}],"wp:attachment":[{"href":"https:\/\/baldumarket.lt\/lt\/wp-json\/wp\/v2\/media?parent=179880"}],"wp:term":[{"taxonomy":"product_brand","embeddable":true,"href":"https:\/\/baldumarket.lt\/lt\/wp-json\/wp\/v2\/product_brand?post=179880"},{"taxonomy":"product_cat","embeddable":true,"href":"https:\/\/baldumarket.lt\/lt\/wp-json\/wp\/v2\/product_cat?post=179880"},{"taxonomy":"product_tag","embeddable":true,"href":"https:\/\/baldumarket.lt\/lt\/wp-json\/wp\/v2\/product_tag?post=179880"}],"curies":[{"name":"wp","href":"https:\/\/api.w.org\/{rel}","templated":true}]}}