{"id":179878,"date":"2025-12-21T13:06:47","date_gmt":"2025-12-21T10:06:47","guid":{"rendered":"https:\/\/baldumarket.lt\/product\/witryna-z-oswietleniem-granada-gra-030-05\/"},"modified":"2026-03-04T18:02:17","modified_gmt":"2026-03-04T15:02:17","slug":"witryna-z-oswietleniem-granada-gra-030-05","status":"publish","type":"product","link":"https:\/\/baldumarket.lt\/lt\/product\/witryna-z-oswietleniem-granada-gra-030-05\/","title":{"rendered":"GRANADA vitrina su ap\u0161vietimu &#8211; GRA.030.05"},"content":{"rendered":"<p>\u201eGranada\u201c vitrina i\u0161 GRA.030.09 kolekcijos \u2013 tai unikalus baldas, kuriame dera funkcionalumas ir dizainerio i\u0161vaizda. \u0160i eleganti\u0161ka vitrina su keturi\u0173 ta\u0161k\u0173 ap\u0161vietimu turi keturias duris ir du stal\u010dius, tod\u0117l yra daug vietos \u012fvairiems daiktams laikyti ir eksponuoti. Tvirta konstrukcija ir auk\u0161tos kokyb\u0117s med\u017eiagos u\u017etikrina patvarum\u0105 ir ilgaam\u017ei\u0161kum\u0105. \u201eGranada\u201c vitrina puikiai atrodys svetain\u0117je, valgomajame ar koridoriuje, suteikdama interjerui elegancijos ir stiliaus. Kruop\u0161tus meistri\u0161kumas ir modernus dizainas prad\u017eiugins net ir i\u0161rankiausius klientus.<\/p>","protected":false},"excerpt":{"rendered":"<p>Plotis: 107 cm<br \/>\nGylis: 41 cm<br \/>\n\u016agis: 196 cm<\/p>","protected":false},"featured_media":179879,"comment_status":"open","ping_status":"open","template":"","meta":[],"product_brand":[],"product_cat":[9798,4745,2006],"product_tag":[],"class_list":{"0":"post-179878","1":"product","2":"type-product","3":"status-publish","4":"has-post-thumbnail","6":"product_cat-furniture-system-granada-anthracite-krysiak","7":"product_cat-krysiak","8":"product_cat-vitrines","10":"first","11":"instock","12":"purchasable","13":"product-type-simple"},"_links":{"self":[{"href":"https:\/\/baldumarket.lt\/lt\/wp-json\/wp\/v2\/product\/179878","targetHints":{"allow":["GET"]}}],"collection":[{"href":"https:\/\/baldumarket.lt\/lt\/wp-json\/wp\/v2\/product"}],"about":[{"href":"https:\/\/baldumarket.lt\/lt\/wp-json\/wp\/v2\/types\/product"}],"replies":[{"embeddable":true,"href":"https:\/\/baldumarket.lt\/lt\/wp-json\/wp\/v2\/comments?post=179878"}],"wp:featuredmedia":[{"embeddable":true,"href":"https:\/\/baldumarket.lt\/lt\/wp-json\/wp\/v2\/media\/179879"}],"wp:attachment":[{"href":"https:\/\/baldumarket.lt\/lt\/wp-json\/wp\/v2\/media?parent=179878"}],"wp:term":[{"taxonomy":"product_brand","embeddable":true,"href":"https:\/\/baldumarket.lt\/lt\/wp-json\/wp\/v2\/product_brand?post=179878"},{"taxonomy":"product_cat","embeddable":true,"href":"https:\/\/baldumarket.lt\/lt\/wp-json\/wp\/v2\/product_cat?post=179878"},{"taxonomy":"product_tag","embeddable":true,"href":"https:\/\/baldumarket.lt\/lt\/wp-json\/wp\/v2\/product_tag?post=179878"}],"curies":[{"name":"wp","href":"https:\/\/api.w.org\/{rel}","templated":true}]}}