{"id":179859,"date":"2025-12-21T13:06:32","date_gmt":"2025-12-21T10:06:32","guid":{"rendered":"https:\/\/baldumarket.lt\/product\/witryna-corena-cor-031-l\/"},"modified":"2026-03-04T17:43:57","modified_gmt":"2026-03-04T14:43:57","slug":"witryna-corena-cor-031-l","status":"publish","type":"product","link":"https:\/\/baldumarket.lt\/lt\/product\/witryna-corena-cor-031-l\/","title":{"rendered":"CORENA vitrinos spinta \u2013 COR.031.L"},"content":{"rendered":"<p>Unikali vitrina, kurioje dera funkcionalumas ir estetika. Trys medin\u0117s ir vienos dekoratyvin\u0117s stiklin\u0117s durys suteikia prakti\u0161kos vietos daiktams susid\u0117ti, kartu suteikdamos elegancijos ir lengvumo bendram dizainui. Vidinis ap\u0161vietimas paver\u010dia spintel\u0119 ir prakti\u0161ka daikt\u0173 laikymo vieta, ir ry\u0161kiu dekoratyviniu elementu, gra\u017eiai pary\u0161kinan\u010diu bet kokio interjero charakter\u012f.<\/p>","protected":false},"excerpt":{"rendered":"<p>Plotis: 75 cm<br \/>\nGylis: 40 cm<br \/>\n\u016agis: 206 cm<\/p>","protected":false},"featured_media":179860,"comment_status":"open","ping_status":"open","template":"","meta":[],"product_brand":[],"product_cat":[9804,4745,2006],"product_tag":[],"class_list":{"0":"post-179859","1":"product","2":"type-product","3":"status-publish","4":"has-post-thumbnail","6":"product_cat-furniture-system-corena-krysiak","7":"product_cat-krysiak","8":"product_cat-vitrines","10":"first","11":"instock","12":"purchasable","13":"product-type-simple"},"_links":{"self":[{"href":"https:\/\/baldumarket.lt\/lt\/wp-json\/wp\/v2\/product\/179859","targetHints":{"allow":["GET"]}}],"collection":[{"href":"https:\/\/baldumarket.lt\/lt\/wp-json\/wp\/v2\/product"}],"about":[{"href":"https:\/\/baldumarket.lt\/lt\/wp-json\/wp\/v2\/types\/product"}],"replies":[{"embeddable":true,"href":"https:\/\/baldumarket.lt\/lt\/wp-json\/wp\/v2\/comments?post=179859"}],"wp:featuredmedia":[{"embeddable":true,"href":"https:\/\/baldumarket.lt\/lt\/wp-json\/wp\/v2\/media\/179860"}],"wp:attachment":[{"href":"https:\/\/baldumarket.lt\/lt\/wp-json\/wp\/v2\/media?parent=179859"}],"wp:term":[{"taxonomy":"product_brand","embeddable":true,"href":"https:\/\/baldumarket.lt\/lt\/wp-json\/wp\/v2\/product_brand?post=179859"},{"taxonomy":"product_cat","embeddable":true,"href":"https:\/\/baldumarket.lt\/lt\/wp-json\/wp\/v2\/product_cat?post=179859"},{"taxonomy":"product_tag","embeddable":true,"href":"https:\/\/baldumarket.lt\/lt\/wp-json\/wp\/v2\/product_tag?post=179859"}],"curies":[{"name":"wp","href":"https:\/\/api.w.org\/{rel}","templated":true}]}}