{"id":179852,"date":"2025-12-21T13:06:26","date_gmt":"2025-12-21T10:06:26","guid":{"rendered":"https:\/\/baldumarket.lt\/product\/witryna-60-1d-cantiero-can-030-12-z-szuflada-orzech\/"},"modified":"2026-03-04T18:10:59","modified_gmt":"2026-03-04T15:10:59","slug":"witryna-60-1d-cantiero-can-030-12-z-szuflada-orzech","status":"publish","type":"product","link":"https:\/\/baldumarket.lt\/lt\/product\/witryna-60-1d-cantiero-can-030-12-z-szuflada-orzech\/","title":{"rendered":"Vitrina 60 1D CANTIERO &#8211; CAN.030.12 su stal\u010diumi, rie\u0161utmedis"},"content":{"rendered":"<p>\u201eCantiero\u201c kolekcijos 1D vitrina \u2013 tai eleganti\u0161kas baldas, kuriame dera modernus dizainas ir klasikin\u0117 elegancija. Pagaminta i\u0161 auk\u0161\u010diausios kokyb\u0117s med\u017eiag\u0173, ji padengta rie\u0161utmed\u017eio fanera ir masyvios rie\u0161utmed\u017eio medienos elementais, suteikian\u010diais jai unikali\u0105, rafinuot\u0105 i\u0161vaizd\u0105. Vitrina turi dvejas duris su savaiminio u\u017esidarymo sistema, u\u017etikrinan\u010dia skland\u0173 ir tyl\u0173 u\u017edarym\u0105. Stiklin\u0117s dalies viduje yra viena stiklin\u0117 lentyna, viena faneruota lentyna ir vienas stal\u010dius, leid\u017eiantys patraukliai eksponuoti dekoracijas ar stalo \u012frankius. Be to, vitrina turi dviej\u0173 ta\u0161k\u0173 ap\u0161vietim\u0105, kuris i\u0161ry\u0161kina eksponuojamus daiktus. U\u017edara dalis slepia vien\u0105 lentyn\u0105, idealiai tinkan\u010di\u0105 neoficialiems daiktams laikyti. \u0160i vitrina yra ne tik prakti\u0161kas interjero dizaino elementas, bet ir stilingas akcentas, suteiksiantis j\u016bs\u0173 namams unikalaus \u017eavesio.<\/p>","protected":false},"excerpt":{"rendered":"<p>Plotis: 58 cm<br \/>\nGylis: 43 cm<br \/>\n\u016agis: 204 cm<\/p>","protected":false},"featured_media":179853,"comment_status":"open","ping_status":"open","template":"","meta":[],"product_brand":[],"product_cat":[9792,9795,4745,2006],"product_tag":[],"class_list":{"0":"post-179852","1":"product","2":"type-product","3":"status-publish","4":"has-post-thumbnail","6":"product_cat-furniture-system-cantiero-krysiak-meble","7":"product_cat-furniture-system-cantiero-walnut-krysiak","8":"product_cat-krysiak","9":"product_cat-vitrines","11":"first","12":"instock","13":"purchasable","14":"product-type-simple"},"_links":{"self":[{"href":"https:\/\/baldumarket.lt\/lt\/wp-json\/wp\/v2\/product\/179852","targetHints":{"allow":["GET"]}}],"collection":[{"href":"https:\/\/baldumarket.lt\/lt\/wp-json\/wp\/v2\/product"}],"about":[{"href":"https:\/\/baldumarket.lt\/lt\/wp-json\/wp\/v2\/types\/product"}],"replies":[{"embeddable":true,"href":"https:\/\/baldumarket.lt\/lt\/wp-json\/wp\/v2\/comments?post=179852"}],"wp:featuredmedia":[{"embeddable":true,"href":"https:\/\/baldumarket.lt\/lt\/wp-json\/wp\/v2\/media\/179853"}],"wp:attachment":[{"href":"https:\/\/baldumarket.lt\/lt\/wp-json\/wp\/v2\/media?parent=179852"}],"wp:term":[{"taxonomy":"product_brand","embeddable":true,"href":"https:\/\/baldumarket.lt\/lt\/wp-json\/wp\/v2\/product_brand?post=179852"},{"taxonomy":"product_cat","embeddable":true,"href":"https:\/\/baldumarket.lt\/lt\/wp-json\/wp\/v2\/product_cat?post=179852"},{"taxonomy":"product_tag","embeddable":true,"href":"https:\/\/baldumarket.lt\/lt\/wp-json\/wp\/v2\/product_tag?post=179852"}],"curies":[{"name":"wp","href":"https:\/\/api.w.org\/{rel}","templated":true}]}}