{"id":179850,"date":"2025-12-21T13:06:24","date_gmt":"2025-12-21T10:06:24","guid":{"rendered":"https:\/\/baldumarket.lt\/product\/witryna-2d-z-oswietleniem-verano-ver-030-15\/"},"modified":"2026-03-04T18:15:12","modified_gmt":"2026-03-04T15:15:12","slug":"witryna-2d-z-oswietleniem-verano-ver-030-15","status":"publish","type":"product","link":"https:\/\/baldumarket.lt\/lt\/product\/witryna-2d-z-oswietleniem-verano-ver-030-15\/","title":{"rendered":"2D vitrina su VERANO ap\u0161vietimu &#8211; VER.030.15"},"content":{"rendered":"<p>\u0160i dviej\u0173 dur\u0173 vitrina su LED ap\u0161vietimu yra eleganti\u0161kas ir modernus baldas, kuris puikiai papildys svetain\u0119 ar valgom\u0105j\u012f. Vienerios faneruotos ir vienos stiklin\u0117s durys leid\u017eia esteti\u0161kai eksponuoti dekoracijas ar stalo \u012frankius. Amerikieti\u0161ko rie\u0161uto faneruot\u0117s fasadai, nat\u016bralaus \u0105\u017euolo faneruot\u0117s korpusas ir juodas aliuminio r\u0117mas sukuria darni\u0105 ir stiling\u0105 visum\u0105. Papildomos funkcijos, tokios kaip \u201epush-up\u201c sistema, savaime u\u017esidarantys vyriai ir integruotas LED ap\u0161vietimas su jungikliu, u\u017etikrina maksimal\u0173 patogum\u0105.<\/p>","protected":false},"excerpt":{"rendered":"<p>Plotis: 83 cm<br \/>\nGylis: 40 cm<br \/>\n\u016agis: 196 cm<\/p>","protected":false},"featured_media":179851,"comment_status":"open","ping_status":"open","template":"","meta":[],"product_brand":[],"product_cat":[9793,4745,2006],"product_tag":[],"class_list":{"0":"post-179850","1":"product","2":"type-product","3":"status-publish","4":"has-post-thumbnail","6":"product_cat-furniture-system-verano-krysiak-meble","7":"product_cat-krysiak","8":"product_cat-vitrines","10":"first","11":"instock","12":"purchasable","13":"product-type-simple"},"_links":{"self":[{"href":"https:\/\/baldumarket.lt\/lt\/wp-json\/wp\/v2\/product\/179850","targetHints":{"allow":["GET"]}}],"collection":[{"href":"https:\/\/baldumarket.lt\/lt\/wp-json\/wp\/v2\/product"}],"about":[{"href":"https:\/\/baldumarket.lt\/lt\/wp-json\/wp\/v2\/types\/product"}],"replies":[{"embeddable":true,"href":"https:\/\/baldumarket.lt\/lt\/wp-json\/wp\/v2\/comments?post=179850"}],"wp:featuredmedia":[{"embeddable":true,"href":"https:\/\/baldumarket.lt\/lt\/wp-json\/wp\/v2\/media\/179851"}],"wp:attachment":[{"href":"https:\/\/baldumarket.lt\/lt\/wp-json\/wp\/v2\/media?parent=179850"}],"wp:term":[{"taxonomy":"product_brand","embeddable":true,"href":"https:\/\/baldumarket.lt\/lt\/wp-json\/wp\/v2\/product_brand?post=179850"},{"taxonomy":"product_cat","embeddable":true,"href":"https:\/\/baldumarket.lt\/lt\/wp-json\/wp\/v2\/product_cat?post=179850"},{"taxonomy":"product_tag","embeddable":true,"href":"https:\/\/baldumarket.lt\/lt\/wp-json\/wp\/v2\/product_tag?post=179850"}],"curies":[{"name":"wp","href":"https:\/\/api.w.org\/{rel}","templated":true}]}}