{"id":179841,"date":"2025-12-21T13:06:16","date_gmt":"2025-12-21T10:06:16","guid":{"rendered":"https:\/\/baldumarket.lt\/product\/witryna-1d-lewa-z-oswietleniem-granada-gra-032-05-gra-031-09\/"},"modified":"2026-03-04T18:02:17","modified_gmt":"2026-03-04T15:02:17","slug":"witryna-1d-lewa-z-oswietleniem-granada-gra-032-05-gra-031-09","status":"publish","type":"product","link":"https:\/\/baldumarket.lt\/lt\/product\/witryna-1d-lewa-z-oswietleniem-granada-gra-032-05-gra-031-09\/","title":{"rendered":"1D kair\u0117 vitrina su ap\u0161vietimu GRANADA &#8211; GRA.032.05 \/ GRA.031.09"},"content":{"rendered":"<p>\u201eGranada GRA.031.09\u201c vitrina \u2013 stilingas baldas, puikiai papildantis j\u016bs\u0173 interjero dizain\u0105. \u0160i eleganti\u0161ka vitrina turi dvejas duris ir vien\u0105 stal\u010di\u0173, tod\u0117l yra daug vietos m\u0117gstamiems daiktams laikyti ir eksponuoti. Dvigubas ap\u0161vietimas gra\u017eiai i\u0161ry\u0161kina \u0161iuos daiktus. Tvirta konstrukcija ir auk\u0161tos kokyb\u0117s med\u017eiagos garantuoja patvarum\u0105 ir tvirtum\u0105. \u201eGranada GRA.031.09\u201c vitrina bus puikus j\u016bs\u0173 svetain\u0117s, valgomojo ar prie\u0161kambario papildymas, ne tik suteikdama prakti\u0161kos vietos daiktams laikyti, bet ir suteikdama eleganti\u0161k\u0105 akcent\u0105 bendram interjero dizainui.<\/p>","protected":false},"excerpt":{"rendered":"<p>Plotis: 54 cm<br \/>\nGylis: 41 cm<br \/>\n\u016agis: 196 cm<\/p>","protected":false},"featured_media":179842,"comment_status":"open","ping_status":"open","template":"","meta":[],"product_brand":[],"product_cat":[9798,4745,2006],"product_tag":[],"class_list":{"0":"post-179841","1":"product","2":"type-product","3":"status-publish","4":"has-post-thumbnail","6":"product_cat-furniture-system-granada-anthracite-krysiak","7":"product_cat-krysiak","8":"product_cat-vitrines","10":"first","11":"instock","12":"purchasable","13":"product-type-simple"},"_links":{"self":[{"href":"https:\/\/baldumarket.lt\/lt\/wp-json\/wp\/v2\/product\/179841","targetHints":{"allow":["GET"]}}],"collection":[{"href":"https:\/\/baldumarket.lt\/lt\/wp-json\/wp\/v2\/product"}],"about":[{"href":"https:\/\/baldumarket.lt\/lt\/wp-json\/wp\/v2\/types\/product"}],"replies":[{"embeddable":true,"href":"https:\/\/baldumarket.lt\/lt\/wp-json\/wp\/v2\/comments?post=179841"}],"wp:featuredmedia":[{"embeddable":true,"href":"https:\/\/baldumarket.lt\/lt\/wp-json\/wp\/v2\/media\/179842"}],"wp:attachment":[{"href":"https:\/\/baldumarket.lt\/lt\/wp-json\/wp\/v2\/media?parent=179841"}],"wp:term":[{"taxonomy":"product_brand","embeddable":true,"href":"https:\/\/baldumarket.lt\/lt\/wp-json\/wp\/v2\/product_brand?post=179841"},{"taxonomy":"product_cat","embeddable":true,"href":"https:\/\/baldumarket.lt\/lt\/wp-json\/wp\/v2\/product_cat?post=179841"},{"taxonomy":"product_tag","embeddable":true,"href":"https:\/\/baldumarket.lt\/lt\/wp-json\/wp\/v2\/product_tag?post=179841"}],"curies":[{"name":"wp","href":"https:\/\/api.w.org\/{rel}","templated":true}]}}