{"id":179838,"date":"2025-12-21T13:06:13","date_gmt":"2025-12-21T10:06:13","guid":{"rendered":"https:\/\/baldumarket.lt\/product\/witryna-1d-lewa-can-032-13-lewa\/"},"modified":"2026-03-04T18:10:59","modified_gmt":"2026-03-04T15:10:59","slug":"witryna-1d-lewa-can-032-13-lewa","status":"publish","type":"product","link":"https:\/\/baldumarket.lt\/lt\/product\/witryna-1d-lewa-can-032-13-lewa\/","title":{"rendered":"Vitrina 1D CANTIERO CAN.032.13-Kair\u0117"},"content":{"rendered":"<p>\u0160i vien\u0173 dureli\u0173 kairioji vitrina yra kompakti\u0161kas ir eleganti\u0161kas baldas, idealiai tinkantis dekoratyviniams daiktams eksponuoti ir prakti\u0161kai laikyti. Tur\u0117dama dvejas duris \u2013 vienas stiklines ir vienas pilnas \u2013 ji slepia funkcional\u0173 vid\u0173 su lentynomis ir stal\u010diumi. Stiklin\u0117je dalyje yra viena stiklin\u0117 lentyna, viena faneruota lentyna ir stal\u010dius, o u\u017edaroje dalyje yra papildoma lentyna. Vis\u0105 bald\u0105 papildo rudas gr\u016bdintas antisolinis stiklas ir dviej\u0173 ta\u0161k\u0173 ap\u0161vietimas su jungikliu, kurie sustiprina vitrinos charakter\u012f. Pagaminta i\u0161 nat\u016bralaus \u0105\u017euolo faneros ir med\u017eio masyvo, spintel\u0117 yra karamelinio \u0105\u017euolo spalvos ir puikiai papildys tiek klasikin\u012f, tiek modern\u0173 interjer\u0105.<\/p>","protected":false},"excerpt":{"rendered":"<p>\u0160i vien\u0173 dureli\u0173 kairioji vitrina yra kompakti\u0161kas ir eleganti\u0161kas baldas, idealiai tinkantis dekoratyviniams daiktams eksponuoti ir prakti\u0161kai laikyti. Tur\u0117dama dvejas duris \u2013 vienas stiklines ir kitas pilnas \u2013 ji slepia funkcional\u0173 vid\u0173 su lentynomis ir stal\u010diumi. Stiklin\u0117je dalyje yra viena stiklin\u0117 lentyna, viena faneruota lentyna ir stal\u010dius, [\u2026]<\/p>","protected":false},"featured_media":179839,"comment_status":"open","ping_status":"open","template":"","meta":[],"product_brand":[],"product_cat":[9792,9795,4745,2006],"product_tag":[],"class_list":{"0":"post-179838","1":"product","2":"type-product","3":"status-publish","4":"has-post-thumbnail","6":"product_cat-furniture-system-cantiero-krysiak-meble","7":"product_cat-furniture-system-cantiero-walnut-krysiak","8":"product_cat-krysiak","9":"product_cat-vitrines","11":"first","12":"instock","13":"purchasable","14":"product-type-simple"},"_links":{"self":[{"href":"https:\/\/baldumarket.lt\/lt\/wp-json\/wp\/v2\/product\/179838","targetHints":{"allow":["GET"]}}],"collection":[{"href":"https:\/\/baldumarket.lt\/lt\/wp-json\/wp\/v2\/product"}],"about":[{"href":"https:\/\/baldumarket.lt\/lt\/wp-json\/wp\/v2\/types\/product"}],"replies":[{"embeddable":true,"href":"https:\/\/baldumarket.lt\/lt\/wp-json\/wp\/v2\/comments?post=179838"}],"wp:featuredmedia":[{"embeddable":true,"href":"https:\/\/baldumarket.lt\/lt\/wp-json\/wp\/v2\/media\/179839"}],"wp:attachment":[{"href":"https:\/\/baldumarket.lt\/lt\/wp-json\/wp\/v2\/media?parent=179838"}],"wp:term":[{"taxonomy":"product_brand","embeddable":true,"href":"https:\/\/baldumarket.lt\/lt\/wp-json\/wp\/v2\/product_brand?post=179838"},{"taxonomy":"product_cat","embeddable":true,"href":"https:\/\/baldumarket.lt\/lt\/wp-json\/wp\/v2\/product_cat?post=179838"},{"taxonomy":"product_tag","embeddable":true,"href":"https:\/\/baldumarket.lt\/lt\/wp-json\/wp\/v2\/product_tag?post=179838"}],"curies":[{"name":"wp","href":"https:\/\/api.w.org\/{rel}","templated":true}]}}