{"id":179834,"date":"2025-12-21T13:06:10","date_gmt":"2025-12-21T10:06:10","guid":{"rendered":"https:\/\/baldumarket.lt\/product\/wieszak-130-monaco-mona-069-14-lite-drewno-dab-miodowy\/"},"modified":"2026-03-04T17:55:29","modified_gmt":"2026-03-04T14:55:29","slug":"wieszak-130-monaco-mona-069-14-lite-drewno-dab-miodowy","status":"publish","type":"product","link":"https:\/\/baldumarket.lt\/lt\/product\/wieszak-130-monaco-mona-069-14-lite-drewno-dab-miodowy\/","title":{"rendered":"Palt\u0173 kabykla 130 MONACO MONA.069.14 &#8211; med\u017eio masyvas, medaus spalvos \u0105\u017euolas"},"content":{"rendered":"<p>130 MONA.069.14 kabykla paltams \u2013 tai paprastas, ta\u010diau eleganti\u0161kas baldas, puikiai papildantis modern\u0173 interjer\u0105. Pagaminta i\u0161 med\u017eio masyvo, ji yra patvari ir nat\u016bralios i\u0161vaizdos, puikiai dera prie \u012fvairi\u0173 interjer\u0173. Minimalistinis dizainas suteikia jai funkcionalumo ir gali b\u016bti montuojama koridoriuje, miegamajame ar r\u016bbin\u0117je. D\u0117l tvirtos konstrukcijos ji yra idealus sprendimas drabu\u017eiams laikyti ir kartu suteikia estetin\u012f akcent\u0105.<\/p>","protected":false},"excerpt":{"rendered":"<p>Plotis: 15 cm<br \/>\nGylis: 4 cm<br \/>\nAuk\u0161tis: 130 cm<\/p>","protected":false},"featured_media":179835,"comment_status":"open","ping_status":"open","template":"","meta":[],"product_brand":[],"product_cat":[9796,1931,4745],"product_tag":[],"class_list":{"0":"post-179834","1":"product","2":"type-product","3":"status-publish","4":"has-post-thumbnail","6":"product_cat-furniture-system-monaco-krysiak","7":"product_cat-hangers","8":"product_cat-krysiak","10":"first","11":"instock","12":"purchasable","13":"product-type-simple"},"_links":{"self":[{"href":"https:\/\/baldumarket.lt\/lt\/wp-json\/wp\/v2\/product\/179834","targetHints":{"allow":["GET"]}}],"collection":[{"href":"https:\/\/baldumarket.lt\/lt\/wp-json\/wp\/v2\/product"}],"about":[{"href":"https:\/\/baldumarket.lt\/lt\/wp-json\/wp\/v2\/types\/product"}],"replies":[{"embeddable":true,"href":"https:\/\/baldumarket.lt\/lt\/wp-json\/wp\/v2\/comments?post=179834"}],"wp:featuredmedia":[{"embeddable":true,"href":"https:\/\/baldumarket.lt\/lt\/wp-json\/wp\/v2\/media\/179835"}],"wp:attachment":[{"href":"https:\/\/baldumarket.lt\/lt\/wp-json\/wp\/v2\/media?parent=179834"}],"wp:term":[{"taxonomy":"product_brand","embeddable":true,"href":"https:\/\/baldumarket.lt\/lt\/wp-json\/wp\/v2\/product_brand?post=179834"},{"taxonomy":"product_cat","embeddable":true,"href":"https:\/\/baldumarket.lt\/lt\/wp-json\/wp\/v2\/product_cat?post=179834"},{"taxonomy":"product_tag","embeddable":true,"href":"https:\/\/baldumarket.lt\/lt\/wp-json\/wp\/v2\/product_tag?post=179834"}],"curies":[{"name":"wp","href":"https:\/\/api.w.org\/{rel}","templated":true}]}}