{"id":179830,"date":"2025-12-21T13:06:07","date_gmt":"2025-12-21T10:06:07","guid":{"rendered":"https:\/\/baldumarket.lt\/product\/szafka-wiszaca-moreno-mor-060-03\/"},"modified":"2026-04-12T17:28:36","modified_gmt":"2026-04-12T14:28:36","slug":"szafka-wiszaca-moreno-mor-060-03","status":"publish","type":"product","link":"https:\/\/baldumarket.lt\/lt\/product\/szafka-wiszaca-moreno-mor-060-03\/","title":{"rendered":"MORENO pakabinama spintel\u0117 &#8211; MOR.060.03"},"content":{"rendered":"<p>Sienin\u0117 spintel\u0117 MOR.060.03 i\u0161 \u201eMoreno\u201c kolekcijos \u2013 puikus sprendimas tiems, kurie vertina modern\u0173 stili\u0173 ir funkcionalum\u0105. Pagaminta i\u0161 nat\u016bralaus \u0105\u017euolo faneros, \u0161i spintel\u0117 suteikia elegancijos ir \u0161ilumos bet kokiam interjerui. Trys pro\u017eektoriai gra\u017eiai i\u0161ry\u0161kina ant jos eksponuojamus daiktus. Ji puikiai tinka svetainei, darbo kambariui ar miegamajam. \u0160is baldas taip pat si\u016blo prakti\u0161k\u0105 daikt\u0173 laikymo viet\u0105 \u2013 durel\u0117mis ir vitrina. D\u0117l modernaus dizaino ir auk\u0161tos kokyb\u0117s gamybos \u0161i sienin\u0117 spintel\u0117 yra ne tik prakti\u0161ka, bet ir esteti\u0161kai patraukli. Ji papildys bet kok\u012f interjer\u0105 unikalia i\u0161vaizda ir u\u017etikrins funkcional\u0173 daikt\u0173 laikym\u0105.<\/p>","protected":false},"excerpt":{"rendered":"<p>Plotis: 79 cm<br \/>\nGylis: 35 cm<br \/>\nAuk\u0161tis: 110 cm<\/p>","protected":false},"featured_media":179831,"comment_status":"open","ping_status":"open","template":"","meta":[],"product_brand":[],"product_cat":[9802,4745,1987],"product_tag":[],"class_list":{"0":"post-179830","1":"product","2":"type-product","3":"status-publish","4":"has-post-thumbnail","6":"product_cat-furniture-system-moreno-krysiak","7":"product_cat-krysiak","8":"product_cat-shelving-units","10":"first","11":"instock","12":"purchasable","13":"product-type-simple"},"_links":{"self":[{"href":"https:\/\/baldumarket.lt\/lt\/wp-json\/wp\/v2\/product\/179830","targetHints":{"allow":["GET"]}}],"collection":[{"href":"https:\/\/baldumarket.lt\/lt\/wp-json\/wp\/v2\/product"}],"about":[{"href":"https:\/\/baldumarket.lt\/lt\/wp-json\/wp\/v2\/types\/product"}],"replies":[{"embeddable":true,"href":"https:\/\/baldumarket.lt\/lt\/wp-json\/wp\/v2\/comments?post=179830"}],"wp:featuredmedia":[{"embeddable":true,"href":"https:\/\/baldumarket.lt\/lt\/wp-json\/wp\/v2\/media\/179831"}],"wp:attachment":[{"href":"https:\/\/baldumarket.lt\/lt\/wp-json\/wp\/v2\/media?parent=179830"}],"wp:term":[{"taxonomy":"product_brand","embeddable":true,"href":"https:\/\/baldumarket.lt\/lt\/wp-json\/wp\/v2\/product_brand?post=179830"},{"taxonomy":"product_cat","embeddable":true,"href":"https:\/\/baldumarket.lt\/lt\/wp-json\/wp\/v2\/product_cat?post=179830"},{"taxonomy":"product_tag","embeddable":true,"href":"https:\/\/baldumarket.lt\/lt\/wp-json\/wp\/v2\/product_tag?post=179830"}],"curies":[{"name":"wp","href":"https:\/\/api.w.org\/{rel}","templated":true}]}}