{"id":179828,"date":"2025-12-21T13:06:05","date_gmt":"2025-12-21T10:06:05","guid":{"rendered":"https:\/\/baldumarket.lt\/product\/szafka-rtv-verano-ver-050-15\/"},"modified":"2026-03-04T18:15:12","modified_gmt":"2026-03-04T15:15:12","slug":"szafka-rtv-verano-ver-050-15","status":"publish","type":"product","link":"https:\/\/baldumarket.lt\/lt\/product\/szafka-rtv-verano-ver-050-15\/","title":{"rendered":"VERANO televizoriaus spintel\u0117 &#8211; VER.050.15"},"content":{"rendered":"<p>\u0160is televizoriaus staliukas yra funkcionalus ir stilingas baldas, puikiai derantis prie modernaus svetain\u0117s interjero. Dvejos faneruotos durys ir atvira ni\u0161a suteikia vietos multimedijos \u012frangai ir priedams laikyti. Amerikieti\u0161ko rie\u0161utmed\u017eio faneruot\u0117s priekio ir nat\u016bralaus \u0105\u017euolo faneruot\u0117s derinys i\u0161orin\u0117je dalyje suteikia baldui eleganti\u0161k\u0105 charakter\u012f. Metalinis r\u0117mas, \u201epush-up\u201c sistema ir savaime u\u017esidarantys vyriai pabr\u0117\u017eia auk\u0161t\u0105 gamybos kokyb\u0119 ir kasdienio naudojimo patogum\u0105.<\/p>","protected":false},"excerpt":{"rendered":"<p>Plotis: 180 cm<br \/>\nGylis: 45 cm<br \/>\nAuk\u0161tis: 45 cm<\/p>","protected":false},"featured_media":179829,"comment_status":"open","ping_status":"open","template":"","meta":[],"product_brand":[],"product_cat":[9793,4745,1175],"product_tag":[],"class_list":{"0":"post-179828","1":"product","2":"type-product","3":"status-publish","4":"has-post-thumbnail","6":"product_cat-furniture-system-verano-krysiak-meble","7":"product_cat-krysiak","8":"product_cat-tv-stands","10":"first","11":"instock","12":"purchasable","13":"product-type-simple"},"_links":{"self":[{"href":"https:\/\/baldumarket.lt\/lt\/wp-json\/wp\/v2\/product\/179828","targetHints":{"allow":["GET"]}}],"collection":[{"href":"https:\/\/baldumarket.lt\/lt\/wp-json\/wp\/v2\/product"}],"about":[{"href":"https:\/\/baldumarket.lt\/lt\/wp-json\/wp\/v2\/types\/product"}],"replies":[{"embeddable":true,"href":"https:\/\/baldumarket.lt\/lt\/wp-json\/wp\/v2\/comments?post=179828"}],"wp:featuredmedia":[{"embeddable":true,"href":"https:\/\/baldumarket.lt\/lt\/wp-json\/wp\/v2\/media\/179829"}],"wp:attachment":[{"href":"https:\/\/baldumarket.lt\/lt\/wp-json\/wp\/v2\/media?parent=179828"}],"wp:term":[{"taxonomy":"product_brand","embeddable":true,"href":"https:\/\/baldumarket.lt\/lt\/wp-json\/wp\/v2\/product_brand?post=179828"},{"taxonomy":"product_cat","embeddable":true,"href":"https:\/\/baldumarket.lt\/lt\/wp-json\/wp\/v2\/product_cat?post=179828"},{"taxonomy":"product_tag","embeddable":true,"href":"https:\/\/baldumarket.lt\/lt\/wp-json\/wp\/v2\/product_tag?post=179828"}],"curies":[{"name":"wp","href":"https:\/\/api.w.org\/{rel}","templated":true}]}}