{"id":179826,"date":"2025-12-21T13:06:04","date_gmt":"2025-12-21T10:06:04","guid":{"rendered":"https:\/\/baldumarket.lt\/product\/szafka-rtv-duza-verano-ver-052-15\/"},"modified":"2026-03-04T18:15:12","modified_gmt":"2026-03-04T15:15:12","slug":"szafka-rtv-duza-verano-ver-052-15","status":"publish","type":"product","link":"https:\/\/baldumarket.lt\/lt\/product\/szafka-rtv-duza-verano-ver-052-15\/","title":{"rendered":"VERANO didel\u0117 televizoriaus spintel\u0117 &#8211; VER.052.15"},"content":{"rendered":"<p>\u0160is didelis televizoriaus staliukas puikiai tinka tiems, kurie vertina erdv\u0119, modern\u0173 dizain\u0105 ir funkcionalum\u0105. Su keturiomis faneruotomis durel\u0117mis ir prakti\u0161ka ni\u0161a, jis suteikia daug vietos televizoriaus \u012frangai ir priedams laikyti. Amerikieti\u0161ko rie\u0161uto fasadai kartu su nat\u016bralaus \u0105\u017euolo fanera i\u0161oriniame korpuse sukuria eleganti\u0161k\u0105 derin\u012f. Past\u016bmimo sistema, savaime u\u017esidarantys vyriai ir tvirtas metalinis r\u0117mas padidina naudotojo komfort\u0105.<\/p>","protected":false},"excerpt":{"rendered":"<p>Plotis: 245 cm<br \/>\nGylis: 45 cm<br \/>\nAuk\u0161tis: 45 cm<\/p>","protected":false},"featured_media":179827,"comment_status":"open","ping_status":"open","template":"","meta":[],"product_brand":[],"product_cat":[9793,4745,1175],"product_tag":[],"class_list":{"0":"post-179826","1":"product","2":"type-product","3":"status-publish","4":"has-post-thumbnail","6":"product_cat-furniture-system-verano-krysiak-meble","7":"product_cat-krysiak","8":"product_cat-tv-stands","10":"first","11":"instock","12":"purchasable","13":"product-type-simple"},"_links":{"self":[{"href":"https:\/\/baldumarket.lt\/lt\/wp-json\/wp\/v2\/product\/179826","targetHints":{"allow":["GET"]}}],"collection":[{"href":"https:\/\/baldumarket.lt\/lt\/wp-json\/wp\/v2\/product"}],"about":[{"href":"https:\/\/baldumarket.lt\/lt\/wp-json\/wp\/v2\/types\/product"}],"replies":[{"embeddable":true,"href":"https:\/\/baldumarket.lt\/lt\/wp-json\/wp\/v2\/comments?post=179826"}],"wp:featuredmedia":[{"embeddable":true,"href":"https:\/\/baldumarket.lt\/lt\/wp-json\/wp\/v2\/media\/179827"}],"wp:attachment":[{"href":"https:\/\/baldumarket.lt\/lt\/wp-json\/wp\/v2\/media?parent=179826"}],"wp:term":[{"taxonomy":"product_brand","embeddable":true,"href":"https:\/\/baldumarket.lt\/lt\/wp-json\/wp\/v2\/product_brand?post=179826"},{"taxonomy":"product_cat","embeddable":true,"href":"https:\/\/baldumarket.lt\/lt\/wp-json\/wp\/v2\/product_cat?post=179826"},{"taxonomy":"product_tag","embeddable":true,"href":"https:\/\/baldumarket.lt\/lt\/wp-json\/wp\/v2\/product_tag?post=179826"}],"curies":[{"name":"wp","href":"https:\/\/api.w.org\/{rel}","templated":true}]}}