{"id":179824,"date":"2025-12-21T13:06:02","date_gmt":"2025-12-21T10:06:02","guid":{"rendered":"https:\/\/baldumarket.lt\/product\/szafka-nocna-provance-pro-101-02\/"},"modified":"2026-03-05T09:39:16","modified_gmt":"2026-03-05T06:39:16","slug":"szafka-nocna-provance-pro-101-02","status":"publish","type":"product","link":"https:\/\/baldumarket.lt\/lt\/product\/szafka-nocna-provance-pro-101-02\/","title":{"rendered":"PROVANCE naktinis staliukas \u2013 PRO.101.02"},"content":{"rendered":"<p>\u201eProvance\u201c naktinis staliukas \u2013 puikus j\u016bs\u0173 Provanso stiliaus miegamojo papildymas. I\u0161laikydamas i\u0161skirtin\u012f \u201eProvance\u201c kolekcijos dizain\u0105, \u0161is naktinis staliukas spinduliuoja elegancija ir \u017eavesiu. Kruop\u0161\u010diai pagamintos detal\u0117s ir subtil\u016bs papuo\u0161imai suteikia jam unikalaus \u017eavesio. \u201ePRO.100.02\u201c naktinis staliukas yra prakti\u0161kas ir funkcionalus, puikiai tinkantis laikyti b\u016btiniausius daiktus, tokius kaip knygos, telefonas ar naktin\u0117 lempa, nakt\u012f. Jis turi vien\u0105 stal\u010di\u0173 ir atvir\u0105 lentyn\u0105, suteikian\u010di\u0105 papildomos vietos j\u016bs\u0173 daiktams susitvarkyti. Pagamintas i\u0161 auk\u0161tos kokyb\u0117s med\u017eiag\u0173, \u201eProvance\u201c naktinis staliukas u\u017etikrina patvarum\u0105 ir tvirtum\u0105. \u0160is baldas ne tik atlieka praktin\u0119 funkcij\u0105, bet ir suteikia j\u016bs\u0173 miegamajam \u017eavesio bei stiliaus.<\/p>","protected":false},"excerpt":{"rendered":"<p>Plotis: 50 cm<br \/>\nGylis: 35 cm<br \/>\nAuk\u0161tis: 55 cm<\/p>","protected":false},"featured_media":179825,"comment_status":"open","ping_status":"open","template":"","meta":[],"product_brand":[],"product_cat":[9801,1176,4745],"product_tag":[],"class_list":{"0":"post-179824","1":"product","2":"type-product","3":"status-publish","4":"has-post-thumbnail","6":"product_cat-furniture-system-provance-krysiak","7":"product_cat-bedside-tables","8":"product_cat-krysiak","10":"first","11":"instock","12":"purchasable","13":"product-type-simple"},"_links":{"self":[{"href":"https:\/\/baldumarket.lt\/lt\/wp-json\/wp\/v2\/product\/179824","targetHints":{"allow":["GET"]}}],"collection":[{"href":"https:\/\/baldumarket.lt\/lt\/wp-json\/wp\/v2\/product"}],"about":[{"href":"https:\/\/baldumarket.lt\/lt\/wp-json\/wp\/v2\/types\/product"}],"replies":[{"embeddable":true,"href":"https:\/\/baldumarket.lt\/lt\/wp-json\/wp\/v2\/comments?post=179824"}],"wp:featuredmedia":[{"embeddable":true,"href":"https:\/\/baldumarket.lt\/lt\/wp-json\/wp\/v2\/media\/179825"}],"wp:attachment":[{"href":"https:\/\/baldumarket.lt\/lt\/wp-json\/wp\/v2\/media?parent=179824"}],"wp:term":[{"taxonomy":"product_brand","embeddable":true,"href":"https:\/\/baldumarket.lt\/lt\/wp-json\/wp\/v2\/product_brand?post=179824"},{"taxonomy":"product_cat","embeddable":true,"href":"https:\/\/baldumarket.lt\/lt\/wp-json\/wp\/v2\/product_cat?post=179824"},{"taxonomy":"product_tag","embeddable":true,"href":"https:\/\/baldumarket.lt\/lt\/wp-json\/wp\/v2\/product_tag?post=179824"}],"curies":[{"name":"wp","href":"https:\/\/api.w.org\/{rel}","templated":true}]}}