{"id":179819,"date":"2025-12-21T13:05:58","date_gmt":"2025-12-21T10:05:58","guid":{"rendered":"https:\/\/baldumarket.lt\/product\/szafka-nocna-monaco\/"},"modified":"2026-03-04T18:28:36","modified_gmt":"2026-03-04T15:28:36","slug":"szafka-nocna-monaco","status":"publish","type":"product","link":"https:\/\/baldumarket.lt\/lt\/product\/szafka-nocna-monaco\/","title":{"rendered":"MONACO naktinis staliukas"},"content":{"rendered":"<p>MONA.100.14 naktinis staliukas yra eleganti\u0161kas ir funkcionalus miegamojo papildymas, sukurtas atsi\u017evelgiant \u012f harmoning\u0105 form\u0105 ir nat\u016bralias med\u017eiagas. Jo nesenstantis dizainas puikiai dera tiek prie modernaus, tiek prie klasikinio interjero.<\/p>","protected":false},"excerpt":{"rendered":"<p>Plotis: 58 cm<br \/>\nGylis: 38 cm<br \/>\nAuk\u0161tis: 45 cm<\/p>","protected":false},"featured_media":179820,"comment_status":"open","ping_status":"open","template":"","meta":[],"product_brand":[],"product_cat":[9796,1176,4745],"product_tag":[],"class_list":{"0":"post-179819","1":"product","2":"type-product","3":"status-publish","4":"has-post-thumbnail","6":"product_cat-furniture-system-monaco-krysiak","7":"product_cat-bedside-tables","8":"product_cat-krysiak","10":"first","11":"instock","12":"purchasable","13":"product-type-simple"},"_links":{"self":[{"href":"https:\/\/baldumarket.lt\/lt\/wp-json\/wp\/v2\/product\/179819","targetHints":{"allow":["GET"]}}],"collection":[{"href":"https:\/\/baldumarket.lt\/lt\/wp-json\/wp\/v2\/product"}],"about":[{"href":"https:\/\/baldumarket.lt\/lt\/wp-json\/wp\/v2\/types\/product"}],"replies":[{"embeddable":true,"href":"https:\/\/baldumarket.lt\/lt\/wp-json\/wp\/v2\/comments?post=179819"}],"wp:featuredmedia":[{"embeddable":true,"href":"https:\/\/baldumarket.lt\/lt\/wp-json\/wp\/v2\/media\/179820"}],"wp:attachment":[{"href":"https:\/\/baldumarket.lt\/lt\/wp-json\/wp\/v2\/media?parent=179819"}],"wp:term":[{"taxonomy":"product_brand","embeddable":true,"href":"https:\/\/baldumarket.lt\/lt\/wp-json\/wp\/v2\/product_brand?post=179819"},{"taxonomy":"product_cat","embeddable":true,"href":"https:\/\/baldumarket.lt\/lt\/wp-json\/wp\/v2\/product_cat?post=179819"},{"taxonomy":"product_tag","embeddable":true,"href":"https:\/\/baldumarket.lt\/lt\/wp-json\/wp\/v2\/product_tag?post=179819"}],"curies":[{"name":"wp","href":"https:\/\/api.w.org\/{rel}","templated":true}]}}