{"id":179817,"date":"2025-12-21T13:05:56","date_gmt":"2025-12-21T10:05:56","guid":{"rendered":"https:\/\/baldumarket.lt\/product\/szafka-na-obuwie-monaco-mona-054-14-naturalna-okleina-debowa-z-elementami-litego-drewna-dab-miodowy\/"},"modified":"2026-03-04T17:55:29","modified_gmt":"2026-03-04T14:55:29","slug":"szafka-na-obuwie-monaco-mona-054-14-naturalna-okleina-debowa-z-elementami-litego-drewna-dab-miodowy","status":"publish","type":"product","link":"https:\/\/baldumarket.lt\/lt\/product\/szafka-na-obuwie-monaco-mona-054-14-naturalna-okleina-debowa-z-elementami-litego-drewna-dab-miodowy\/","title":{"rendered":"Bat\u0173 spintel\u0117 MONACO MONA.054.14 \u2013 nat\u016bralaus \u0105\u017euolo fanera su medaus spalvos \u0105\u017euolo masyvo elementais"},"content":{"rendered":"<p>Bat\u0173 spintel\u0117 MONA.054.14 \u2013 tai prakti\u0161kas baldas, kuris puikiai atrodys j\u016bs\u0173 prie\u0161kambaryje, derindamas funkcionalum\u0105 ir eleganti\u0161k\u0105 i\u0161vaizd\u0105. Spintel\u0117s priekin\u0117 dalis pagaminta i\u0161 \u0105\u017euolo masyvo, u\u017etikrinan\u010dio patvarum\u0105 ir nat\u016bral\u0173 \u017eaves\u012f. I\u0161or\u0117 padengta nat\u016braliu \u0105\u017euolo luk\u0161tu su masyvo elementais, o vidus \u2013 i\u0161 taigos \u0105\u017euolo spalvos laminuotos plok\u0161t\u0117s. Viduje dvi lentynos padeda susitvarkyti batus, o juodos metalin\u0117s rankenos ir savaime u\u017esidarantys b\u0117geliai bei vyriai padidina komfort\u0105. Visas spintel\u0117 nuda\u017eyta \u0161iltu medaus \u0105\u017euolo atspalviu, suteikian\u010diu interjerui jaukumo.<\/p>","protected":false},"excerpt":{"rendered":"<p>Plotis: 89 cm<br \/>\nGylis: 38 cm<br \/>\nAuk\u0161tis: 45 cm<\/p>","protected":false},"featured_media":179818,"comment_status":"open","ping_status":"open","template":"","meta":[],"product_brand":[],"product_cat":[9796,4745,1997],"product_tag":[],"class_list":{"0":"post-179817","1":"product","2":"type-product","3":"status-publish","4":"has-post-thumbnail","6":"product_cat-furniture-system-monaco-krysiak","7":"product_cat-krysiak","8":"product_cat-shoe-cabinets","10":"first","11":"instock","12":"purchasable","13":"product-type-simple"},"_links":{"self":[{"href":"https:\/\/baldumarket.lt\/lt\/wp-json\/wp\/v2\/product\/179817","targetHints":{"allow":["GET"]}}],"collection":[{"href":"https:\/\/baldumarket.lt\/lt\/wp-json\/wp\/v2\/product"}],"about":[{"href":"https:\/\/baldumarket.lt\/lt\/wp-json\/wp\/v2\/types\/product"}],"replies":[{"embeddable":true,"href":"https:\/\/baldumarket.lt\/lt\/wp-json\/wp\/v2\/comments?post=179817"}],"wp:featuredmedia":[{"embeddable":true,"href":"https:\/\/baldumarket.lt\/lt\/wp-json\/wp\/v2\/media\/179818"}],"wp:attachment":[{"href":"https:\/\/baldumarket.lt\/lt\/wp-json\/wp\/v2\/media?parent=179817"}],"wp:term":[{"taxonomy":"product_brand","embeddable":true,"href":"https:\/\/baldumarket.lt\/lt\/wp-json\/wp\/v2\/product_brand?post=179817"},{"taxonomy":"product_cat","embeddable":true,"href":"https:\/\/baldumarket.lt\/lt\/wp-json\/wp\/v2\/product_cat?post=179817"},{"taxonomy":"product_tag","embeddable":true,"href":"https:\/\/baldumarket.lt\/lt\/wp-json\/wp\/v2\/product_tag?post=179817"}],"curies":[{"name":"wp","href":"https:\/\/api.w.org\/{rel}","templated":true}]}}