{"id":179813,"date":"2025-12-21T13:05:53","date_gmt":"2025-12-21T10:05:53","guid":{"rendered":"https:\/\/baldumarket.lt\/product\/szafa-provance-pro-091-02\/"},"modified":"2026-03-05T09:39:16","modified_gmt":"2026-03-05T06:39:16","slug":"szafa-provance-pro-091-02","status":"publish","type":"product","link":"https:\/\/baldumarket.lt\/lt\/product\/szafa-provance-pro-091-02\/","title":{"rendered":"PROVANCE drabu\u017ei\u0173 spinta &#8211; PRO.091.02"},"content":{"rendered":"<p>\u201eProvance PRO.091.02\u201c spinta \u2013 tai gra\u017eus ir prakti\u0161kas baldas, puikiai papildantis Provanso stili\u0173. Pagaminta i\u0161 auk\u0161tos kokyb\u0117s pu\u0161ies medienos, ji spinduliuoja elegancija ir rafinuotumu. Apatin\u0117je spintos dalyje yra patogus stal\u010dius, kuriame galite laikyti \u012fvairius daiktus ir palaikyti tvark\u0105 namuose. \u201eProvance PRO.091.02\u201c spinta ne tik suteikia daug vietos daiktams susid\u0117ti, bet ir suteikia bendram i\u0161d\u0117stymui \u017eavesio bei charakterio. \u0160is baldas ne tik patenkins j\u016bs\u0173 praktinius poreikius, bet ir sukurs jauki\u0105 bei stiling\u0105 atmosfer\u0105 j\u016bs\u0173 namuose.<\/p>","protected":false},"excerpt":{"rendered":"<p>Plotis: 104 cm<br \/>\nGylis: 56 cm<br \/>\n\u016agis: 204 cm<\/p>","protected":false},"featured_media":179814,"comment_status":"open","ping_status":"open","template":"","meta":[],"product_brand":[],"product_cat":[9801,4745,1177],"product_tag":[],"class_list":{"0":"post-179813","1":"product","2":"type-product","3":"status-publish","4":"has-post-thumbnail","6":"product_cat-furniture-system-provance-krysiak","7":"product_cat-krysiak","8":"product_cat-wardrobes","10":"first","11":"instock","12":"purchasable","13":"product-type-simple"},"_links":{"self":[{"href":"https:\/\/baldumarket.lt\/lt\/wp-json\/wp\/v2\/product\/179813","targetHints":{"allow":["GET"]}}],"collection":[{"href":"https:\/\/baldumarket.lt\/lt\/wp-json\/wp\/v2\/product"}],"about":[{"href":"https:\/\/baldumarket.lt\/lt\/wp-json\/wp\/v2\/types\/product"}],"replies":[{"embeddable":true,"href":"https:\/\/baldumarket.lt\/lt\/wp-json\/wp\/v2\/comments?post=179813"}],"wp:featuredmedia":[{"embeddable":true,"href":"https:\/\/baldumarket.lt\/lt\/wp-json\/wp\/v2\/media\/179814"}],"wp:attachment":[{"href":"https:\/\/baldumarket.lt\/lt\/wp-json\/wp\/v2\/media?parent=179813"}],"wp:term":[{"taxonomy":"product_brand","embeddable":true,"href":"https:\/\/baldumarket.lt\/lt\/wp-json\/wp\/v2\/product_brand?post=179813"},{"taxonomy":"product_cat","embeddable":true,"href":"https:\/\/baldumarket.lt\/lt\/wp-json\/wp\/v2\/product_cat?post=179813"},{"taxonomy":"product_tag","embeddable":true,"href":"https:\/\/baldumarket.lt\/lt\/wp-json\/wp\/v2\/product_tag?post=179813"}],"curies":[{"name":"wp","href":"https:\/\/api.w.org\/{rel}","templated":true}]}}