{"id":179811,"date":"2025-12-21T13:05:52","date_gmt":"2025-12-21T10:05:52","guid":{"rendered":"https:\/\/baldumarket.lt\/product\/szafa-2d-granada-gra-090-05-gra-090-09\/"},"modified":"2026-03-04T18:02:17","modified_gmt":"2026-03-04T15:02:17","slug":"szafa-2d-granada-gra-090-05-gra-090-09","status":"publish","type":"product","link":"https:\/\/baldumarket.lt\/lt\/product\/szafa-2d-granada-gra-090-05-gra-090-09\/","title":{"rendered":"2D SPINTA GRANADA GRA.090.05 \/ GRA.090.09"},"content":{"rendered":"<p>Dviej\u0173 dur\u0173 \u201cGranada\u201d spinta \u2013 eleganti\u0161kas ir funkcionalus baldas, puikiai derinantis klasikin\u012f \u0105\u017euolini\u0173 bald\u0173 stili\u0173 su moderniu paprastumu ir lakuot\u0173 element\u0173 spalvomis. Kair\u0117je spintos pus\u0117je yra lentyna ir drabu\u017ei\u0173 kabykla, o keturios lentynos suteikia daug vietos daiktams susid\u0117ti. \u201eGranada\u201c kolekcija i\u0161siskiria va\u0161kuoto \u0105\u017euolo elementais, kurie i\u0161ry\u0161kina nat\u016bral\u0173 \u017ealiavos gro\u017e\u012f. \u0104\u017euolo fanera, gauta i\u0161 sen\u0173 r\u0105st\u0173, sukuria unikalius ra\u0161tus ant stalvir\u0161i\u0173 ir dailylen\u010di\u0173, suteikdama baldams unikalaus charakterio. Tradicin\u0117s detal\u0117s, tokios kaip b\u016bdingas medini\u0173 element\u0173 frezavimas, harmoningai kontrastuoja su antracito spalvos lakuotais elementais, suteikdamos baldams modernumo. \u201eGranada\u201c kolekcija taip pat si\u016bloma unikalios \u201edykumos pilkos\u201c spalvos \u2013 \u012fkvepian\u010dio pilkos ir sm\u0117lio spalvos derinio. D\u0117l apgalvoto \u0161ios kolekcijos dizaino ir funkcionalumo ji idealiai tinka svetain\u0117ms ir valgomiesiems, sukuriant erdv\u0119, palanki\u0105 leisti laik\u0105 kartu kaip \u0161eimai.<\/p>","protected":false},"excerpt":{"rendered":"<p>Plotis: 107 cm<br \/>\nGylis: 55 cm<br \/>\n\u016agis: 196 cm<\/p>","protected":false},"featured_media":179812,"comment_status":"open","ping_status":"open","template":"","meta":[],"product_brand":[],"product_cat":[9798,4745,1177],"product_tag":[],"class_list":{"0":"post-179811","1":"product","2":"type-product","3":"status-publish","4":"has-post-thumbnail","6":"product_cat-furniture-system-granada-anthracite-krysiak","7":"product_cat-krysiak","8":"product_cat-wardrobes","10":"first","11":"instock","12":"purchasable","13":"product-type-simple"},"_links":{"self":[{"href":"https:\/\/baldumarket.lt\/lt\/wp-json\/wp\/v2\/product\/179811","targetHints":{"allow":["GET"]}}],"collection":[{"href":"https:\/\/baldumarket.lt\/lt\/wp-json\/wp\/v2\/product"}],"about":[{"href":"https:\/\/baldumarket.lt\/lt\/wp-json\/wp\/v2\/types\/product"}],"replies":[{"embeddable":true,"href":"https:\/\/baldumarket.lt\/lt\/wp-json\/wp\/v2\/comments?post=179811"}],"wp:featuredmedia":[{"embeddable":true,"href":"https:\/\/baldumarket.lt\/lt\/wp-json\/wp\/v2\/media\/179812"}],"wp:attachment":[{"href":"https:\/\/baldumarket.lt\/lt\/wp-json\/wp\/v2\/media?parent=179811"}],"wp:term":[{"taxonomy":"product_brand","embeddable":true,"href":"https:\/\/baldumarket.lt\/lt\/wp-json\/wp\/v2\/product_brand?post=179811"},{"taxonomy":"product_cat","embeddable":true,"href":"https:\/\/baldumarket.lt\/lt\/wp-json\/wp\/v2\/product_cat?post=179811"},{"taxonomy":"product_tag","embeddable":true,"href":"https:\/\/baldumarket.lt\/lt\/wp-json\/wp\/v2\/product_tag?post=179811"}],"curies":[{"name":"wp","href":"https:\/\/api.w.org\/{rel}","templated":true}]}}