{"id":179809,"date":"2025-12-21T13:05:50","date_gmt":"2025-12-21T10:05:50","guid":{"rendered":"https:\/\/baldumarket.lt\/product\/szafa-2d-corena-cor-090-xx\/"},"modified":"2026-03-04T17:43:57","modified_gmt":"2026-03-04T14:43:57","slug":"szafa-2d-corena-cor-090-xx","status":"publish","type":"product","link":"https:\/\/baldumarket.lt\/lt\/product\/szafa-2d-corena-cor-090-xx\/","title":{"rendered":"CORENA 2D spinta \u2013 COR.090.XX"},"content":{"rendered":"<p>\u201eCorena\u201c spinta derina paprast\u0105 form\u0105 su rafinuotomis proporcijomis, tapdama elegancijos ir funkcionalumo sinonimu. Pasi\u017eyminti \u0105\u017euolo masyvo ir aliuminio r\u0117m\u0173 naudojimu, ji pasi\u017eymi i\u0161skirtiniu patvarumu ir klasikine i\u0161vaizda. Subtilios, ta\u010diau ai\u0161kios bald\u0173 linijos puikiai tinka \u012fvairiems interjero dizainams \u2013 nuo modernaus iki tradici\u0161kesnio. \u201eCorena\u201c spinta pasi\u017eymi gerai apgalvotu interjero dizainu, suskirstytu \u012f dvi funkcines dalis. Kair\u0117je pus\u0117je yra prakti\u0161kas lentynos ir drabu\u017ei\u0173 kabyklos derinys, leid\u017eiantis patogiai laikyti tiek pakabinamus drabu\u017eius, tiek kitus daiktus. De\u0161in\u0117je pus\u0117je yra keturios lentynos, kuriose yra daug vietos drabu\u017ei\u0173 spintoms, apatiniams drabu\u017eiams, aksesuarams ar net patalynei ir rank\u0161luos\u010diams susid\u0117ti. \u0160i konfig\u016bracija leid\u017eia \u201eCorena\u201c spintai puikiai atitikti t\u0173, kurie ie\u0161ko ir gro\u017eio, ir maksimalaus naudojimo patogumo, l\u016bkes\u010dius. \u201eCorena 2D\u201c spinta yra daugiau nei tik daikt\u0173 laikymo vieta. Tai gerai apgalvotas interjero dizaino elementas, kuris sujungia nat\u016bralaus \u0105\u017euolo medienos gro\u017e\u012f su funkcionalumu, u\u017etikrina komfort\u0105, patogum\u0105 ir i\u0161skirtin\u012f ilgaam\u017ei\u0161kum\u0105. D\u0117l universalios estetikos ji papuo\u0161 bet kur\u012f kambar\u012f, suteikdama charakterio ir \u0161ilumos.<\/p>","protected":false},"excerpt":{"rendered":"<p>Plotis: 95 cm<br \/>\nGylis: 55 cm<br \/>\n\u016agis: 206 cm<\/p>","protected":false},"featured_media":179810,"comment_status":"open","ping_status":"open","template":"","meta":[],"product_brand":[],"product_cat":[9804,4745,1177],"product_tag":[],"class_list":{"0":"post-179809","1":"product","2":"type-product","3":"status-publish","4":"has-post-thumbnail","6":"product_cat-furniture-system-corena-krysiak","7":"product_cat-krysiak","8":"product_cat-wardrobes","10":"first","11":"instock","12":"purchasable","13":"product-type-simple"},"_links":{"self":[{"href":"https:\/\/baldumarket.lt\/lt\/wp-json\/wp\/v2\/product\/179809","targetHints":{"allow":["GET"]}}],"collection":[{"href":"https:\/\/baldumarket.lt\/lt\/wp-json\/wp\/v2\/product"}],"about":[{"href":"https:\/\/baldumarket.lt\/lt\/wp-json\/wp\/v2\/types\/product"}],"replies":[{"embeddable":true,"href":"https:\/\/baldumarket.lt\/lt\/wp-json\/wp\/v2\/comments?post=179809"}],"wp:featuredmedia":[{"embeddable":true,"href":"https:\/\/baldumarket.lt\/lt\/wp-json\/wp\/v2\/media\/179810"}],"wp:attachment":[{"href":"https:\/\/baldumarket.lt\/lt\/wp-json\/wp\/v2\/media?parent=179809"}],"wp:term":[{"taxonomy":"product_brand","embeddable":true,"href":"https:\/\/baldumarket.lt\/lt\/wp-json\/wp\/v2\/product_brand?post=179809"},{"taxonomy":"product_cat","embeddable":true,"href":"https:\/\/baldumarket.lt\/lt\/wp-json\/wp\/v2\/product_cat?post=179809"},{"taxonomy":"product_tag","embeddable":true,"href":"https:\/\/baldumarket.lt\/lt\/wp-json\/wp\/v2\/product_tag?post=179809"}],"curies":[{"name":"wp","href":"https:\/\/api.w.org\/{rel}","templated":true}]}}