{"id":179799,"date":"2025-12-21T13:05:42","date_gmt":"2025-12-21T10:05:42","guid":{"rendered":"https:\/\/baldumarket.lt\/product\/stolik-lawa-cantiero-can-075-12-naturalna-okleina-z-orzecha-amerykanskiego\/"},"modified":"2026-03-04T18:10:59","modified_gmt":"2026-03-04T15:10:59","slug":"stolik-lawa-cantiero-can-075-12-naturalna-okleina-z-orzecha-amerykanskiego","status":"publish","type":"product","link":"https:\/\/baldumarket.lt\/lt\/product\/stolik-lawa-cantiero-can-075-12-naturalna-okleina-z-orzecha-amerykanskiego\/","title":{"rendered":"CANTIERO kavos staliukas &#8211; CAN.075.12 nat\u016bralus amerikieti\u0161ko rie\u0161uto luk\u0161tas"},"content":{"rendered":"<p>\u201eCantiero\u201c kavos staliukas \u2013 eleganti\u0161kas baldas, kuris puikiai papildys bet kok\u012f interjer\u0105, suteikdamas jam modernios prabangos. Stalvir\u0161is ir lentyna pagaminti i\u0161 nat\u016bralaus amerikieti\u0161ko rie\u0161utmed\u017eio faneros, i\u0161ry\u0161kinan\u010dios unikal\u0173 \u0161ios kilnios med\u017eiagos gro\u017e\u012f. Tvirtos rie\u0161utmed\u017eio kojel\u0117s ne tik u\u017etikrina ilgaam\u017ei\u0161kum\u0105, bet ir suteikia klasikinio \u017eavesio. Kavos staliukas puikiai tinka tiek kaip funkcionalus svetain\u0117s elementas, tiek kaip dekoratyvinis akcentas, harmoningai derantis su kitais \u201eCantiero\u201c kolekcijos baldais.<\/p>","protected":false},"excerpt":{"rendered":"<p>Plotis: 60 cm<br \/>\nAuk\u0161tis: 45 cm<br \/>\nIlgis: 120 cm<\/p>","protected":false},"featured_media":179800,"comment_status":"open","ping_status":"open","template":"","meta":[],"product_brand":[],"product_cat":[9792,9795,866,4745],"product_tag":[],"class_list":{"0":"post-179799","1":"product","2":"type-product","3":"status-publish","4":"has-post-thumbnail","6":"product_cat-furniture-system-cantiero-krysiak-meble","7":"product_cat-furniture-system-cantiero-walnut-krysiak","8":"product_cat-coffee-tables","9":"product_cat-krysiak","11":"first","12":"instock","13":"purchasable","14":"product-type-simple"},"_links":{"self":[{"href":"https:\/\/baldumarket.lt\/lt\/wp-json\/wp\/v2\/product\/179799","targetHints":{"allow":["GET"]}}],"collection":[{"href":"https:\/\/baldumarket.lt\/lt\/wp-json\/wp\/v2\/product"}],"about":[{"href":"https:\/\/baldumarket.lt\/lt\/wp-json\/wp\/v2\/types\/product"}],"replies":[{"embeddable":true,"href":"https:\/\/baldumarket.lt\/lt\/wp-json\/wp\/v2\/comments?post=179799"}],"wp:featuredmedia":[{"embeddable":true,"href":"https:\/\/baldumarket.lt\/lt\/wp-json\/wp\/v2\/media\/179800"}],"wp:attachment":[{"href":"https:\/\/baldumarket.lt\/lt\/wp-json\/wp\/v2\/media?parent=179799"}],"wp:term":[{"taxonomy":"product_brand","embeddable":true,"href":"https:\/\/baldumarket.lt\/lt\/wp-json\/wp\/v2\/product_brand?post=179799"},{"taxonomy":"product_cat","embeddable":true,"href":"https:\/\/baldumarket.lt\/lt\/wp-json\/wp\/v2\/product_cat?post=179799"},{"taxonomy":"product_tag","embeddable":true,"href":"https:\/\/baldumarket.lt\/lt\/wp-json\/wp\/v2\/product_tag?post=179799"}],"curies":[{"name":"wp","href":"https:\/\/api.w.org\/{rel}","templated":true}]}}