{"id":179797,"date":"2025-12-21T13:05:40","date_gmt":"2025-12-21T10:05:40","guid":{"rendered":"https:\/\/baldumarket.lt\/product\/stolik-kawowy-can-076-13\/"},"modified":"2026-03-04T18:10:59","modified_gmt":"2026-03-04T15:10:59","slug":"stolik-kawowy-can-076-13","status":"publish","type":"product","link":"https:\/\/baldumarket.lt\/lt\/product\/stolik-kawowy-can-076-13\/","title":{"rendered":"Kavos staliukas CANTIERO CAN.076.13"},"content":{"rendered":"<p>\u0160is kavos staliukas \u2013 kompakti\u0161kas, ta\u010diau stilingas baldas, puikiai tinkantis atpalaiduojan\u010diai erdvei. Stalvir\u0161is pagamintas i\u0161 nat\u016bralaus \u0105\u017euolo faneros su masyvia med\u017eio luk\u0161tu, u\u017etikrinan\u010diu patvarum\u0105 ir eleganti\u0161k\u0105 i\u0161vaizd\u0105. Papildoma lentyna, pagaminta i\u0161 nat\u016bralaus \u0105\u017euolo faneros, suteikia prakti\u0161k\u0105 viet\u0105 smulkiems daiktams. Grioveliais dekoruoti karkasai ir tvirtos masyvios \u0105\u017euolo kojel\u0117s pabr\u0117\u017eia klasikin\u012f baldo charakter\u012f. Karamel\u0117s spalvos \u0105\u017euolo apdaila staliuk\u0105 paver\u010dia puikiu papildymu jaukiame, nat\u016braliame interjere.<\/p>","protected":false},"excerpt":{"rendered":"<p>\u0160is kavos staliukas yra kompakti\u0161kas, ta\u010diau stilingas baldas, puikiai tinkantis atpalaiduojan\u010diai erdvei. Stalvir\u0161is pagamintas i\u0161 nat\u016bralaus \u0105\u017euolo faneros su masyvia med\u017eio luk\u0161tu, u\u017etikrinan\u010diu patvarum\u0105 ir eleganti\u0161k\u0105 i\u0161vaizd\u0105. Papildoma lentyna, pagaminta i\u0161 nat\u016bralaus \u0105\u017euolo faneros, suteikia prakti\u0161k\u0105 viet\u0105 smulkiems daiktams. Grioveliais i\u0161rai\u017eyti karkasai ir tvirta, masyvi [\u2026]<\/p>","protected":false},"featured_media":179798,"comment_status":"open","ping_status":"open","template":"","meta":[],"product_brand":[],"product_cat":[9792,9795,866,4745],"product_tag":[],"class_list":{"0":"post-179797","1":"product","2":"type-product","3":"status-publish","4":"has-post-thumbnail","6":"product_cat-furniture-system-cantiero-krysiak-meble","7":"product_cat-furniture-system-cantiero-walnut-krysiak","8":"product_cat-coffee-tables","9":"product_cat-krysiak","11":"first","12":"instock","13":"purchasable","14":"product-type-simple"},"_links":{"self":[{"href":"https:\/\/baldumarket.lt\/lt\/wp-json\/wp\/v2\/product\/179797","targetHints":{"allow":["GET"]}}],"collection":[{"href":"https:\/\/baldumarket.lt\/lt\/wp-json\/wp\/v2\/product"}],"about":[{"href":"https:\/\/baldumarket.lt\/lt\/wp-json\/wp\/v2\/types\/product"}],"replies":[{"embeddable":true,"href":"https:\/\/baldumarket.lt\/lt\/wp-json\/wp\/v2\/comments?post=179797"}],"wp:featuredmedia":[{"embeddable":true,"href":"https:\/\/baldumarket.lt\/lt\/wp-json\/wp\/v2\/media\/179798"}],"wp:attachment":[{"href":"https:\/\/baldumarket.lt\/lt\/wp-json\/wp\/v2\/media?parent=179797"}],"wp:term":[{"taxonomy":"product_brand","embeddable":true,"href":"https:\/\/baldumarket.lt\/lt\/wp-json\/wp\/v2\/product_brand?post=179797"},{"taxonomy":"product_cat","embeddable":true,"href":"https:\/\/baldumarket.lt\/lt\/wp-json\/wp\/v2\/product_cat?post=179797"},{"taxonomy":"product_tag","embeddable":true,"href":"https:\/\/baldumarket.lt\/lt\/wp-json\/wp\/v2\/product_tag?post=179797"}],"curies":[{"name":"wp","href":"https:\/\/api.w.org\/{rel}","templated":true}]}}