{"id":179795,"date":"2025-12-21T13:05:39","date_gmt":"2025-12-21T10:05:39","guid":{"rendered":"https:\/\/baldumarket.lt\/product\/stolik-granada-gra-076-11\/"},"modified":"2026-03-04T18:02:17","modified_gmt":"2026-03-04T15:02:17","slug":"stolik-granada-gra-076-11","status":"publish","type":"product","link":"https:\/\/baldumarket.lt\/lt\/product\/stolik-granada-gra-076-11\/","title":{"rendered":"GRANADOS stalas \u2013 GRA.076.11"},"content":{"rendered":"<p>\u201eGranada\u201c stalas \u2013 i\u0161skirtinai prakti\u0161kas ir stilingas j\u016bs\u0173 interjero papildymas. Kompakti\u0161kas 60x50x60 cm dydis paver\u010dia j\u012f puikiu funkciniu elementu \u012fvairiuose kambariuose, tokiuose kaip svetain\u0117 ar miegamasis. Stalvir\u0161is pagamintas i\u0161 nat\u016bralaus \u0105\u017euolo faneros su med\u017eio masyvo elementais, suteikian\u010diais jam unikali\u0105 i\u0161vaizd\u0105 ir \u0161ilt\u0105 atmosfer\u0105. Tvirtos med\u017eio masyvo kojel\u0117s u\u017etikrina stabilum\u0105 ir ilgaam\u017ei\u0161kum\u0105. Be to, stalas turi prakti\u0161k\u0105 lakuot\u0105 lentyn\u0105 smulkiems daiktams, pavyzd\u017eiui, nuotolinio valdymo pultams, knygoms ar dekoracijoms laikyti. \u201eGranada\u201c stalas \u2013 puikus sprendimas tiems, kurie vertina funkcionalum\u0105, estetik\u0105 ir auk\u0161t\u0105 meistri\u0161kumo kokyb\u0119.<\/p>","protected":false},"excerpt":{"rendered":"<p>Plotis: 60 cm<br \/>\nGylis: 60 cm<br \/>\nAuk\u0161tis: 50 cm<\/p>","protected":false},"featured_media":179796,"comment_status":"open","ping_status":"open","template":"","meta":[],"product_brand":[],"product_cat":[9798,4745,1934],"product_tag":[],"class_list":{"0":"post-179795","1":"product","2":"type-product","3":"status-publish","4":"has-post-thumbnail","6":"product_cat-furniture-system-granada-anthracite-krysiak","7":"product_cat-krysiak","8":"product_cat-tables","10":"first","11":"instock","12":"purchasable","13":"product-type-simple"},"_links":{"self":[{"href":"https:\/\/baldumarket.lt\/lt\/wp-json\/wp\/v2\/product\/179795","targetHints":{"allow":["GET"]}}],"collection":[{"href":"https:\/\/baldumarket.lt\/lt\/wp-json\/wp\/v2\/product"}],"about":[{"href":"https:\/\/baldumarket.lt\/lt\/wp-json\/wp\/v2\/types\/product"}],"replies":[{"embeddable":true,"href":"https:\/\/baldumarket.lt\/lt\/wp-json\/wp\/v2\/comments?post=179795"}],"wp:featuredmedia":[{"embeddable":true,"href":"https:\/\/baldumarket.lt\/lt\/wp-json\/wp\/v2\/media\/179796"}],"wp:attachment":[{"href":"https:\/\/baldumarket.lt\/lt\/wp-json\/wp\/v2\/media?parent=179795"}],"wp:term":[{"taxonomy":"product_brand","embeddable":true,"href":"https:\/\/baldumarket.lt\/lt\/wp-json\/wp\/v2\/product_brand?post=179795"},{"taxonomy":"product_cat","embeddable":true,"href":"https:\/\/baldumarket.lt\/lt\/wp-json\/wp\/v2\/product_cat?post=179795"},{"taxonomy":"product_tag","embeddable":true,"href":"https:\/\/baldumarket.lt\/lt\/wp-json\/wp\/v2\/product_tag?post=179795"}],"curies":[{"name":"wp","href":"https:\/\/api.w.org\/{rel}","templated":true}]}}