{"id":179792,"date":"2025-12-21T13:05:36","date_gmt":"2025-12-21T10:05:36","guid":{"rendered":"https:\/\/baldumarket.lt\/product\/stolik-corena-cor-076-l\/"},"modified":"2026-03-04T17:43:57","modified_gmt":"2026-03-04T14:43:57","slug":"stolik-corena-cor-076-l","status":"publish","type":"product","link":"https:\/\/baldumarket.lt\/lt\/product\/stolik-corena-cor-076-l\/","title":{"rendered":"CORENA stalas \u2013 COR.076.L"},"content":{"rendered":"<p>Kavos staliukas COR.076.L \u2013 tai unikalus baldas, puikiai papildantis \u201eCorena\u201c kolekcij\u0105. Unikalus jo dizainas paremtas centre i\u0161d\u0117stytu kam\u0161tienos dekoru, suteikian\u010diu interjerui i\u0161skirtinumo. Nat\u016bralaus \u0105\u017euolo faneruot\u0117s stalvir\u0161is su med\u017eio masyvo elementais harmoningai dera su medin\u0117mis kojel\u0117mis, sukurdamas darni\u0105 visum\u0105. I\u0161traukiamas stalvir\u0161is su i\u0161traukiamais \u012fd\u0117klais yra prakti\u0161kas sprendimas didesniems susib\u016brimams.<\/p>","protected":false},"excerpt":{"rendered":"<p>Plotis: 60 cm<br \/>\nGylis: 120 cm<br \/>\nAuk\u0161tis: 45 cm<\/p>","protected":false},"featured_media":179793,"comment_status":"open","ping_status":"open","template":"","meta":[],"product_brand":[],"product_cat":[9804,4745,1934],"product_tag":[],"class_list":{"0":"post-179792","1":"product","2":"type-product","3":"status-publish","4":"has-post-thumbnail","6":"product_cat-furniture-system-corena-krysiak","7":"product_cat-krysiak","8":"product_cat-tables","10":"first","11":"instock","12":"purchasable","13":"product-type-simple"},"_links":{"self":[{"href":"https:\/\/baldumarket.lt\/lt\/wp-json\/wp\/v2\/product\/179792","targetHints":{"allow":["GET"]}}],"collection":[{"href":"https:\/\/baldumarket.lt\/lt\/wp-json\/wp\/v2\/product"}],"about":[{"href":"https:\/\/baldumarket.lt\/lt\/wp-json\/wp\/v2\/types\/product"}],"replies":[{"embeddable":true,"href":"https:\/\/baldumarket.lt\/lt\/wp-json\/wp\/v2\/comments?post=179792"}],"wp:featuredmedia":[{"embeddable":true,"href":"https:\/\/baldumarket.lt\/lt\/wp-json\/wp\/v2\/media\/179793"}],"wp:attachment":[{"href":"https:\/\/baldumarket.lt\/lt\/wp-json\/wp\/v2\/media?parent=179792"}],"wp:term":[{"taxonomy":"product_brand","embeddable":true,"href":"https:\/\/baldumarket.lt\/lt\/wp-json\/wp\/v2\/product_brand?post=179792"},{"taxonomy":"product_cat","embeddable":true,"href":"https:\/\/baldumarket.lt\/lt\/wp-json\/wp\/v2\/product_cat?post=179792"},{"taxonomy":"product_tag","embeddable":true,"href":"https:\/\/baldumarket.lt\/lt\/wp-json\/wp\/v2\/product_tag?post=179792"}],"curies":[{"name":"wp","href":"https:\/\/api.w.org\/{rel}","templated":true}]}}