{"id":179790,"date":"2025-12-21T13:05:34","date_gmt":"2025-12-21T10:05:34","guid":{"rendered":"https:\/\/baldumarket.lt\/product\/stolik-corena-cor-075-l\/"},"modified":"2026-03-04T17:43:57","modified_gmt":"2026-03-04T14:43:57","slug":"stolik-corena-cor-075-l","status":"publish","type":"product","link":"https:\/\/baldumarket.lt\/lt\/product\/stolik-corena-cor-075-l\/","title":{"rendered":"CORENA stalas \u2013 COR.075.L"},"content":{"rendered":"<p>COR.075.L stalas \u2013 kompakti\u0161kas \u201eCorena\u201c kolekcijos baldas, harmoningai derinantis elegancij\u0105 ir funkcionalum\u0105. Nat\u016bralaus \u0105\u017euolo faneruot\u0117s stalvir\u0161is su subtiliais med\u017eio masyvo akcentais suteikia jam unikali\u0105 i\u0161vaizd\u0105. Be to, stal\u010dius su dekoratyviniu stiklu ir tvirtas med\u017eio masyvo pagrindas padidina stalo estetik\u0105 ir prakti\u0161kum\u0105.<\/p>","protected":false},"excerpt":{"rendered":"<p>Plotis: 55 cm<br \/>\nGylis: 55 cm<br \/>\nAuk\u0161tis: 45 cm<\/p>","protected":false},"featured_media":179791,"comment_status":"open","ping_status":"open","template":"","meta":[],"product_brand":[],"product_cat":[9804,4745,1934],"product_tag":[],"class_list":{"0":"post-179790","1":"product","2":"type-product","3":"status-publish","4":"has-post-thumbnail","6":"product_cat-furniture-system-corena-krysiak","7":"product_cat-krysiak","8":"product_cat-tables","10":"first","11":"instock","12":"purchasable","13":"product-type-simple"},"_links":{"self":[{"href":"https:\/\/baldumarket.lt\/lt\/wp-json\/wp\/v2\/product\/179790","targetHints":{"allow":["GET"]}}],"collection":[{"href":"https:\/\/baldumarket.lt\/lt\/wp-json\/wp\/v2\/product"}],"about":[{"href":"https:\/\/baldumarket.lt\/lt\/wp-json\/wp\/v2\/types\/product"}],"replies":[{"embeddable":true,"href":"https:\/\/baldumarket.lt\/lt\/wp-json\/wp\/v2\/comments?post=179790"}],"wp:featuredmedia":[{"embeddable":true,"href":"https:\/\/baldumarket.lt\/lt\/wp-json\/wp\/v2\/media\/179791"}],"wp:attachment":[{"href":"https:\/\/baldumarket.lt\/lt\/wp-json\/wp\/v2\/media?parent=179790"}],"wp:term":[{"taxonomy":"product_brand","embeddable":true,"href":"https:\/\/baldumarket.lt\/lt\/wp-json\/wp\/v2\/product_brand?post=179790"},{"taxonomy":"product_cat","embeddable":true,"href":"https:\/\/baldumarket.lt\/lt\/wp-json\/wp\/v2\/product_cat?post=179790"},{"taxonomy":"product_tag","embeddable":true,"href":"https:\/\/baldumarket.lt\/lt\/wp-json\/wp\/v2\/product_tag?post=179790"}],"curies":[{"name":"wp","href":"https:\/\/api.w.org\/{rel}","templated":true}]}}