{"id":179784,"date":"2025-12-21T13:05:29","date_gmt":"2025-12-21T10:05:29","guid":{"rendered":"https:\/\/baldumarket.lt\/product\/stol-verano-ver-072-07-l\/"},"modified":"2026-03-04T18:15:12","modified_gmt":"2026-03-04T15:15:12","slug":"stol-verano-ver-072-07-l","status":"publish","type":"product","link":"https:\/\/baldumarket.lt\/lt\/product\/stol-verano-ver-072-07-l\/","title":{"rendered":"VERANO stalas &#8211; VER.072.07.L"},"content":{"rendered":"<p>\u0160is modernus stalas \u2013 tobulas elegancijos ir funkcionalumo derinys. D\u0117l padalinto stalvir\u0161io ir galimyb\u0117s i\u0161pl\u0117sti j\u012f naudojant papildomus prailginimus, jis puikiai tinka tiek kasdieniam naudojimui, tiek didesniems susib\u016brimams. Bazinis ilgis yra 200 cm, kuris padid\u0117ja iki 300 cm, prailginus stal\u0105 pridedamais prailginimais, o \u012fsigijus papildomus prailginimus \u2013 iki 400 cm. Nat\u016bralaus \u0105\u017euolo faneruot\u0117s stalvir\u0161is, tvirtos medin\u0117s kojel\u0117s ir r\u0117mas u\u017etikrina patvarum\u0105 ir stabilum\u0105.<\/p>","protected":false},"excerpt":{"rendered":"<p>Plotis: 100 cm<br \/>\nAuk\u0161tis: 76 cm<\/p>","protected":false},"featured_media":179785,"comment_status":"open","ping_status":"open","template":"","meta":[],"product_brand":[],"product_cat":[9793,4745,1934],"product_tag":[],"class_list":{"0":"post-179784","1":"product","2":"type-product","3":"status-publish","4":"has-post-thumbnail","6":"product_cat-furniture-system-verano-krysiak-meble","7":"product_cat-krysiak","8":"product_cat-tables","10":"first","11":"instock","12":"purchasable","13":"product-type-simple"},"_links":{"self":[{"href":"https:\/\/baldumarket.lt\/lt\/wp-json\/wp\/v2\/product\/179784","targetHints":{"allow":["GET"]}}],"collection":[{"href":"https:\/\/baldumarket.lt\/lt\/wp-json\/wp\/v2\/product"}],"about":[{"href":"https:\/\/baldumarket.lt\/lt\/wp-json\/wp\/v2\/types\/product"}],"replies":[{"embeddable":true,"href":"https:\/\/baldumarket.lt\/lt\/wp-json\/wp\/v2\/comments?post=179784"}],"wp:featuredmedia":[{"embeddable":true,"href":"https:\/\/baldumarket.lt\/lt\/wp-json\/wp\/v2\/media\/179785"}],"wp:attachment":[{"href":"https:\/\/baldumarket.lt\/lt\/wp-json\/wp\/v2\/media?parent=179784"}],"wp:term":[{"taxonomy":"product_brand","embeddable":true,"href":"https:\/\/baldumarket.lt\/lt\/wp-json\/wp\/v2\/product_brand?post=179784"},{"taxonomy":"product_cat","embeddable":true,"href":"https:\/\/baldumarket.lt\/lt\/wp-json\/wp\/v2\/product_cat?post=179784"},{"taxonomy":"product_tag","embeddable":true,"href":"https:\/\/baldumarket.lt\/lt\/wp-json\/wp\/v2\/product_tag?post=179784"}],"curies":[{"name":"wp","href":"https:\/\/api.w.org\/{rel}","templated":true}]}}