{"id":179782,"date":"2025-12-21T13:05:24","date_gmt":"2025-12-21T10:05:24","guid":{"rendered":"https:\/\/baldumarket.lt\/product\/stol-sangero-san-071-03\/"},"modified":"2026-03-04T18:19:23","modified_gmt":"2026-03-04T15:19:23","slug":"stol-sangero-san-071-03","status":"publish","type":"product","link":"https:\/\/baldumarket.lt\/lt\/product\/stol-sangero-san-071-03\/","title":{"rendered":"SANGERO stalas &#8211; SAN.071.03"},"content":{"rendered":"<p>\u201eSangero\u201c stalas (SAN.071.03) \u2013 eleganti\u0161kas ir funkcionalus sprendimas j\u016bs\u0173 valgomajam ar svetainei. Jo i\u0161traukiamas stalvir\u0161is leid\u017eia reguliuoti stalo dyd\u012f pagal sve\u010di\u0173 skai\u010di\u0173, suteikiant patogi\u0105 erdv\u0119 bendriems pietums ir susitikimams. Stalvir\u0161is, pagamintas i\u0161 auk\u0161tos kokyb\u0117s \u0105\u017euolo medienos, pasi\u017eymi vientisa apdaila, o centre \u012fterptas keraminis dekoras suteikia unikalaus \u017eavesio. Nat\u016bralus \u0105\u017euolo fanera suteikia stalui nat\u016brali\u0105 ir maloni\u0105 i\u0161vaizd\u0105. Atkreipkite d\u0117mes\u012f \u012f drugelio formos prailginimo mechanizm\u0105, kuris leid\u017eia stal\u0105 pailginti 80 cm. \u0160is prakti\u0161kas mechanizmas pasl\u0117ptas i\u0161traukiamame stal\u010diuje stalo priekyje, tod\u0117l j\u012f lengva naudoti ir jis atrodo esteti\u0161kai. \u201eSangero\u201c stalas apjungia funkcionalum\u0105, estetik\u0105 ir tvirt\u0105 konstrukcij\u0105. Eleganti\u0161kas dizainas ir auk\u0161tos kokyb\u0117s gamyba paver\u010dia j\u012f ne tik prakti\u0161ku baldu, bet ir gra\u017eiu j\u016bs\u0173 interjero papildymu.<\/p>","protected":false},"excerpt":{"rendered":"<p>Plotis: 160\u2013240 cm<br \/>\nGylis: 90 cm<br \/>\nAuk\u0161tis: 75 cm<\/p>","protected":false},"featured_media":179783,"comment_status":"open","ping_status":"open","template":"","meta":[],"product_brand":[],"product_cat":[9800,4745,1934],"product_tag":[],"class_list":{"0":"post-179782","1":"product","2":"type-product","3":"status-publish","4":"has-post-thumbnail","6":"product_cat-furniture-system-sangero-krysiak","7":"product_cat-krysiak","8":"product_cat-tables","10":"first","11":"instock","12":"purchasable","13":"product-type-simple"},"_links":{"self":[{"href":"https:\/\/baldumarket.lt\/lt\/wp-json\/wp\/v2\/product\/179782","targetHints":{"allow":["GET"]}}],"collection":[{"href":"https:\/\/baldumarket.lt\/lt\/wp-json\/wp\/v2\/product"}],"about":[{"href":"https:\/\/baldumarket.lt\/lt\/wp-json\/wp\/v2\/types\/product"}],"replies":[{"embeddable":true,"href":"https:\/\/baldumarket.lt\/lt\/wp-json\/wp\/v2\/comments?post=179782"}],"wp:featuredmedia":[{"embeddable":true,"href":"https:\/\/baldumarket.lt\/lt\/wp-json\/wp\/v2\/media\/179783"}],"wp:attachment":[{"href":"https:\/\/baldumarket.lt\/lt\/wp-json\/wp\/v2\/media?parent=179782"}],"wp:term":[{"taxonomy":"product_brand","embeddable":true,"href":"https:\/\/baldumarket.lt\/lt\/wp-json\/wp\/v2\/product_brand?post=179782"},{"taxonomy":"product_cat","embeddable":true,"href":"https:\/\/baldumarket.lt\/lt\/wp-json\/wp\/v2\/product_cat?post=179782"},{"taxonomy":"product_tag","embeddable":true,"href":"https:\/\/baldumarket.lt\/lt\/wp-json\/wp\/v2\/product_tag?post=179782"}],"curies":[{"name":"wp","href":"https:\/\/api.w.org\/{rel}","templated":true}]}}