{"id":179778,"date":"2025-12-21T13:05:21","date_gmt":"2025-12-21T10:05:21","guid":{"rendered":"https:\/\/baldumarket.lt\/product\/stol-provance-pro-072-02\/"},"modified":"2026-03-05T09:39:16","modified_gmt":"2026-03-05T06:39:16","slug":"stol-provance-pro-072-02","status":"publish","type":"product","link":"https:\/\/baldumarket.lt\/lt\/product\/stol-provance-pro-072-02\/","title":{"rendered":"PROVANCE stalas \u2013 PRO.072.02"},"content":{"rendered":"<p>\u201eProvance\u201c stalas \u2013 \u017eavus ir funkcionalus baldas, kuris puikiai papildys j\u016bs\u0173 valgom\u0105j\u012f. Unikalus dizainas ir nat\u016brali pu\u0161ies fanera suteikia jam i\u0161skirtinumo. I\u0161 nat\u016bralios pu\u0161ies faneros pagamintas stalvir\u0161is yra ne tik vizualiai patrauklus, bet ir patvarus bei lengvai valomas. Tai rei\u0161kia, kad gal\u0117site d\u017eiaugtis jo i\u0161vaizda ilgus metus. Stalo kojos taip pat padengtos nat\u016bralia pu\u0161ies fanera, sukuriant darni\u0105 ir harmoning\u0105 visum\u0105. Tvirta j\u0173 konstrukcija u\u017etikrina stabilum\u0105 ir ilgaam\u017ei\u0161kum\u0105. \u201eProvance\u201c stalas pasi\u017eymi unikalia i\u0161pl\u0117timo funkcija d\u0117l trij\u0173 40 cm plo\u010dio \u012fd\u0117kl\u0173, kuriuos galima patogiai laikyti stalo viduje, kai jie nenaudojami. Tai leid\u017eia stalo dyd\u012f reguliuoti pagal sve\u010di\u0173 skai\u010di\u0173 ir savo poreikius, sukuriant patogi\u0105 valgomojo erdv\u0119. \u201eProvance\u201c stalas yra ne tik prakti\u0161kas sprendimas, bet ir esteti\u0161kai patrauklus dekoratyvinis elementas. Jo nat\u016brali pu\u0161ies fanera suteikia kambariui \u0161ilumos ir jaukumo, sukurdama maloni\u0105 atmosfer\u0105 \u0161eimos susib\u016brim\u0173 ir vakar\u0117li\u0173 metu. Kvie\u010diame \u012fsigyti \u201eProvance\u201c stal\u0105, kuris bus ne tik funkcionalus baldas, bet ir gra\u017eus akcentas j\u016bs\u0173 valgomajame.<\/p>","protected":false},"excerpt":{"rendered":"<p>Plotis: 150\u2013270 cm<br \/>\nGylis: 88 cm<br \/>\nAuk\u0161tis: 79 cm<\/p>","protected":false},"featured_media":179779,"comment_status":"open","ping_status":"open","template":"","meta":[],"product_brand":[],"product_cat":[9801,4745,1934],"product_tag":[],"class_list":{"0":"post-179778","1":"product","2":"type-product","3":"status-publish","4":"has-post-thumbnail","6":"product_cat-furniture-system-provance-krysiak","7":"product_cat-krysiak","8":"product_cat-tables","10":"first","11":"instock","12":"purchasable","13":"product-type-simple"},"_links":{"self":[{"href":"https:\/\/baldumarket.lt\/lt\/wp-json\/wp\/v2\/product\/179778","targetHints":{"allow":["GET"]}}],"collection":[{"href":"https:\/\/baldumarket.lt\/lt\/wp-json\/wp\/v2\/product"}],"about":[{"href":"https:\/\/baldumarket.lt\/lt\/wp-json\/wp\/v2\/types\/product"}],"replies":[{"embeddable":true,"href":"https:\/\/baldumarket.lt\/lt\/wp-json\/wp\/v2\/comments?post=179778"}],"wp:featuredmedia":[{"embeddable":true,"href":"https:\/\/baldumarket.lt\/lt\/wp-json\/wp\/v2\/media\/179779"}],"wp:attachment":[{"href":"https:\/\/baldumarket.lt\/lt\/wp-json\/wp\/v2\/media?parent=179778"}],"wp:term":[{"taxonomy":"product_brand","embeddable":true,"href":"https:\/\/baldumarket.lt\/lt\/wp-json\/wp\/v2\/product_brand?post=179778"},{"taxonomy":"product_cat","embeddable":true,"href":"https:\/\/baldumarket.lt\/lt\/wp-json\/wp\/v2\/product_cat?post=179778"},{"taxonomy":"product_tag","embeddable":true,"href":"https:\/\/baldumarket.lt\/lt\/wp-json\/wp\/v2\/product_tag?post=179778"}],"curies":[{"name":"wp","href":"https:\/\/api.w.org\/{rel}","templated":true}]}}