{"id":179774,"date":"2025-12-21T13:05:17","date_gmt":"2025-12-21T10:05:17","guid":{"rendered":"https:\/\/baldumarket.lt\/product\/stol-provance-pro-070-02\/"},"modified":"2026-03-05T09:39:16","modified_gmt":"2026-03-05T06:39:16","slug":"stol-provance-pro-070-02","status":"publish","type":"product","link":"https:\/\/baldumarket.lt\/lt\/product\/stol-provance-pro-070-02\/","title":{"rendered":"PROVANCE stalas \u2013 PRO.070.02"},"content":{"rendered":"<p>\u201eProvance\u201c stalas \u2013 eleganti\u0161kas ir funkcionalus baldas, \u017eavintis savo unikaliu stiliumi. Apvali forma ir nat\u016brali pu\u0161ies fanera suteikia jam kaimi\u0161k\u0105 charakter\u012f, kuris puikiai dera prie \u012fvairi\u0173 interjer\u0173. Stalvir\u0161is, pagamintas i\u0161 nat\u016bralios pu\u0161ies faneros, traukia ak\u012f savo nat\u016braliu gro\u017eiu. Med\u017eio ra\u0161tai ir \u0161ilti atspalviai suteikia jam unikalaus \u017eavesio, kuris pavers stal\u0105 valgomojo kambario traukos centru. Stabili stalo koja, pagaminta i\u0161 100% med\u017eio masyvo, garantuoja patvarum\u0105 ir tvirtum\u0105. Eleganti\u0161ka i\u0161vaizda puikiai papildo kaimi\u0161k\u0105 stili\u0173, sukurdama darni\u0105 visum\u0105. \u201eProvance\u201c stalas taip pat si\u016blo galimyb\u0119 prid\u0117ti 50 cm plo\u010dio prailginim\u0105, kuris leis lanks\u010diai pritaikyti stalo dyd\u012f pagal savo poreikius ir \u017emoni\u0173 skai\u010di\u0173. Tai idealus sprendimas didesniems \u0161eimos susib\u016brimams ar vakar\u0117liams, kai reikia daugiau vietos dalintis maistu. \u201eProvance\u201c stalas yra ne tik prakti\u0161kas baldas, bet ir i\u0161skirtinis dekoratyvinis elementas, kuris suteiks j\u016bs\u0173 valgomajam \u017eavesio ir charakterio. Sukurtas atsi\u017evelgiant \u012f komfort\u0105 ir stili\u0173, \u201eProvance\u201c stalas suteiks jums nepamir\u0161tam\u0173 akimirk\u0173, praleist\u0173 per \u0161eimos pietus, vakarienes su draugais ar romanti\u0161kus vakarus.<\/p>","protected":false},"excerpt":{"rendered":"<p>Plotis: 115\u2013165 cm<br \/>\nGylis: 115 cm<br \/>\nAuk\u0161tis: 77 cm<\/p>","protected":false},"featured_media":179775,"comment_status":"open","ping_status":"open","template":"","meta":[],"product_brand":[],"product_cat":[9801,4745,1934],"product_tag":[],"class_list":{"0":"post-179774","1":"product","2":"type-product","3":"status-publish","4":"has-post-thumbnail","6":"product_cat-furniture-system-provance-krysiak","7":"product_cat-krysiak","8":"product_cat-tables","10":"first","11":"instock","12":"purchasable","13":"product-type-simple"},"_links":{"self":[{"href":"https:\/\/baldumarket.lt\/lt\/wp-json\/wp\/v2\/product\/179774","targetHints":{"allow":["GET"]}}],"collection":[{"href":"https:\/\/baldumarket.lt\/lt\/wp-json\/wp\/v2\/product"}],"about":[{"href":"https:\/\/baldumarket.lt\/lt\/wp-json\/wp\/v2\/types\/product"}],"replies":[{"embeddable":true,"href":"https:\/\/baldumarket.lt\/lt\/wp-json\/wp\/v2\/comments?post=179774"}],"wp:featuredmedia":[{"embeddable":true,"href":"https:\/\/baldumarket.lt\/lt\/wp-json\/wp\/v2\/media\/179775"}],"wp:attachment":[{"href":"https:\/\/baldumarket.lt\/lt\/wp-json\/wp\/v2\/media?parent=179774"}],"wp:term":[{"taxonomy":"product_brand","embeddable":true,"href":"https:\/\/baldumarket.lt\/lt\/wp-json\/wp\/v2\/product_brand?post=179774"},{"taxonomy":"product_cat","embeddable":true,"href":"https:\/\/baldumarket.lt\/lt\/wp-json\/wp\/v2\/product_cat?post=179774"},{"taxonomy":"product_tag","embeddable":true,"href":"https:\/\/baldumarket.lt\/lt\/wp-json\/wp\/v2\/product_tag?post=179774"}],"curies":[{"name":"wp","href":"https:\/\/api.w.org\/{rel}","templated":true}]}}