{"id":179772,"date":"2025-12-21T13:05:16","date_gmt":"2025-12-21T10:05:16","guid":{"rendered":"https:\/\/baldumarket.lt\/product\/stol-orion-verano-ori-071-07-l\/"},"modified":"2026-03-04T18:15:12","modified_gmt":"2026-03-04T15:15:12","slug":"stol-orion-verano-ori-071-07-l","status":"publish","type":"product","link":"https:\/\/baldumarket.lt\/lt\/product\/stol-orion-verano-ori-071-07-l\/","title":{"rendered":"Orion VERANO stalas &#8211; ORI.071.07.L"},"content":{"rendered":"<p>Apvalus stalas ORI.071.07.L sujungia elegancij\u0105, funkcionalum\u0105 ir nesenstant\u012f dizain\u0105. D\u0117l i\u0161traukiam\u0173 drugelio formos \u012fd\u0117kl\u0173 i\u0161pl\u0117timo sistemos stalo ilg\u012f galima lengvai prailginti nuo 100 cm iki 180 cm. Nat\u016bralaus \u0105\u017euolo faneruot\u0117s stalvir\u0161is ir tvirtos medin\u0117s kojel\u0117s garantuoja patvarum\u0105 ir stabilum\u0105, tod\u0117l \u0161is stalas idealiai tinka valgomajam ar svetainei.<\/p>","protected":false},"excerpt":{"rendered":"<p>Auk\u0161tis: 75 cm<br \/>\nSkersmuo: 120<\/p>","protected":false},"featured_media":179773,"comment_status":"open","ping_status":"open","template":"","meta":[],"product_brand":[],"product_cat":[9793,4745,1934],"product_tag":[],"class_list":{"0":"post-179772","1":"product","2":"type-product","3":"status-publish","4":"has-post-thumbnail","6":"product_cat-furniture-system-verano-krysiak-meble","7":"product_cat-krysiak","8":"product_cat-tables","10":"first","11":"instock","12":"purchasable","13":"product-type-simple"},"_links":{"self":[{"href":"https:\/\/baldumarket.lt\/lt\/wp-json\/wp\/v2\/product\/179772","targetHints":{"allow":["GET"]}}],"collection":[{"href":"https:\/\/baldumarket.lt\/lt\/wp-json\/wp\/v2\/product"}],"about":[{"href":"https:\/\/baldumarket.lt\/lt\/wp-json\/wp\/v2\/types\/product"}],"replies":[{"embeddable":true,"href":"https:\/\/baldumarket.lt\/lt\/wp-json\/wp\/v2\/comments?post=179772"}],"wp:featuredmedia":[{"embeddable":true,"href":"https:\/\/baldumarket.lt\/lt\/wp-json\/wp\/v2\/media\/179773"}],"wp:attachment":[{"href":"https:\/\/baldumarket.lt\/lt\/wp-json\/wp\/v2\/media?parent=179772"}],"wp:term":[{"taxonomy":"product_brand","embeddable":true,"href":"https:\/\/baldumarket.lt\/lt\/wp-json\/wp\/v2\/product_brand?post=179772"},{"taxonomy":"product_cat","embeddable":true,"href":"https:\/\/baldumarket.lt\/lt\/wp-json\/wp\/v2\/product_cat?post=179772"},{"taxonomy":"product_tag","embeddable":true,"href":"https:\/\/baldumarket.lt\/lt\/wp-json\/wp\/v2\/product_tag?post=179772"}],"curies":[{"name":"wp","href":"https:\/\/api.w.org\/{rel}","templated":true}]}}