{"id":179770,"date":"2025-12-21T13:05:14","date_gmt":"2025-12-21T10:05:14","guid":{"rendered":"https:\/\/baldumarket.lt\/product\/stol-orion-verano-ori-070-07-l\/"},"modified":"2026-03-04T18:15:12","modified_gmt":"2026-03-04T15:15:12","slug":"stol-orion-verano-ori-070-07-l","status":"publish","type":"product","link":"https:\/\/baldumarket.lt\/lt\/product\/stol-orion-verano-ori-070-07-l\/","title":{"rendered":"Orion VERANO stalas &#8211; ORI.070.07.L"},"content":{"rendered":"<p>Apvalus stalas ORI.070.07.L \u2013 tai unikalus baldas, kuriame dera eleganti\u0161kas dizainas ir prakti\u0161ki sprendimai. D\u0117l viduje pasl\u0117pt\u0173 drugelio formos \u012fd\u0117kl\u0173 stal\u0105 galima lengvai prailginti nuo 120 cm iki 220 cm. Nat\u016bralaus \u0105\u017euolo faneruot\u0117s stalvir\u0161is ir tvirtos med\u017eio masyvo kojos u\u017etikrina patvarum\u0105, stabilum\u0105 ir estetin\u012f patrauklum\u0105, puikiai dera tiek su moderniu, tiek su klasikiniu interjeru.<\/p>","protected":false},"excerpt":{"rendered":"<p>Auk\u0161tis: 75 cm<br \/>\nSkersmuo: 120<\/p>","protected":false},"featured_media":179771,"comment_status":"open","ping_status":"open","template":"","meta":[],"product_brand":[],"product_cat":[9793,4745,1934],"product_tag":[],"class_list":{"0":"post-179770","1":"product","2":"type-product","3":"status-publish","4":"has-post-thumbnail","6":"product_cat-furniture-system-verano-krysiak-meble","7":"product_cat-krysiak","8":"product_cat-tables","10":"first","11":"instock","12":"purchasable","13":"product-type-simple"},"_links":{"self":[{"href":"https:\/\/baldumarket.lt\/lt\/wp-json\/wp\/v2\/product\/179770","targetHints":{"allow":["GET"]}}],"collection":[{"href":"https:\/\/baldumarket.lt\/lt\/wp-json\/wp\/v2\/product"}],"about":[{"href":"https:\/\/baldumarket.lt\/lt\/wp-json\/wp\/v2\/types\/product"}],"replies":[{"embeddable":true,"href":"https:\/\/baldumarket.lt\/lt\/wp-json\/wp\/v2\/comments?post=179770"}],"wp:featuredmedia":[{"embeddable":true,"href":"https:\/\/baldumarket.lt\/lt\/wp-json\/wp\/v2\/media\/179771"}],"wp:attachment":[{"href":"https:\/\/baldumarket.lt\/lt\/wp-json\/wp\/v2\/media?parent=179770"}],"wp:term":[{"taxonomy":"product_brand","embeddable":true,"href":"https:\/\/baldumarket.lt\/lt\/wp-json\/wp\/v2\/product_brand?post=179770"},{"taxonomy":"product_cat","embeddable":true,"href":"https:\/\/baldumarket.lt\/lt\/wp-json\/wp\/v2\/product_cat?post=179770"},{"taxonomy":"product_tag","embeddable":true,"href":"https:\/\/baldumarket.lt\/lt\/wp-json\/wp\/v2\/product_tag?post=179770"}],"curies":[{"name":"wp","href":"https:\/\/api.w.org\/{rel}","templated":true}]}}