{"id":179758,"date":"2025-12-21T13:05:04","date_gmt":"2025-12-21T10:05:04","guid":{"rendered":"https:\/\/baldumarket.lt\/product\/stol-okragly-moreno-100-cm\/"},"modified":"2026-03-05T09:24:58","modified_gmt":"2026-03-05T06:24:58","slug":"stol-okragly-moreno-100-cm","status":"publish","type":"product","link":"https:\/\/baldumarket.lt\/lt\/product\/stol-okragly-moreno-100-cm\/","title":{"rendered":"MORENO apvalus stalas 100 cm"},"content":{"rendered":"<p>\u201eKrysiak Moreno\u201c stalas \u2013 tai unikalus \u201eMoreno\u201c kolekcijos gaminys, pasi\u017eymintis unikalia, rank\u0173 darbo nat\u016bralaus \u0105\u017euolo fanera. I\u0161skirtin\u0117 medienos spalva ir ra\u0161tas suteikia stalvir\u0161iui unikal\u0173 charakter\u012f ir i\u0161skiria j\u012f bet kokiame interjere. Tvirtos juodos kojel\u0117s, pagamintos i\u0161 masyvios medienos, suteikia stalui elegancijos ir stiliaus. \u0160is stalas puikiai tinka valgomajam ar svetainei, sukurdamas unikali\u0105 atmosfer\u0105.<\/p>","protected":false},"excerpt":{"rendered":"<p>Plotis: 100\u2013180 cm<br \/>\nGylis: 100 cm<br \/>\nAuk\u0161tis: 75 cm<\/p>","protected":false},"featured_media":179759,"comment_status":"open","ping_status":"open","template":"","meta":[],"product_brand":[],"product_cat":[9802,4745,1934],"product_tag":[],"class_list":{"0":"post-179758","1":"product","2":"type-product","3":"status-publish","4":"has-post-thumbnail","6":"product_cat-furniture-system-moreno-krysiak","7":"product_cat-krysiak","8":"product_cat-tables","10":"first","11":"instock","12":"purchasable","13":"product-type-simple"},"_links":{"self":[{"href":"https:\/\/baldumarket.lt\/lt\/wp-json\/wp\/v2\/product\/179758","targetHints":{"allow":["GET"]}}],"collection":[{"href":"https:\/\/baldumarket.lt\/lt\/wp-json\/wp\/v2\/product"}],"about":[{"href":"https:\/\/baldumarket.lt\/lt\/wp-json\/wp\/v2\/types\/product"}],"replies":[{"embeddable":true,"href":"https:\/\/baldumarket.lt\/lt\/wp-json\/wp\/v2\/comments?post=179758"}],"wp:featuredmedia":[{"embeddable":true,"href":"https:\/\/baldumarket.lt\/lt\/wp-json\/wp\/v2\/media\/179759"}],"wp:attachment":[{"href":"https:\/\/baldumarket.lt\/lt\/wp-json\/wp\/v2\/media?parent=179758"}],"wp:term":[{"taxonomy":"product_brand","embeddable":true,"href":"https:\/\/baldumarket.lt\/lt\/wp-json\/wp\/v2\/product_brand?post=179758"},{"taxonomy":"product_cat","embeddable":true,"href":"https:\/\/baldumarket.lt\/lt\/wp-json\/wp\/v2\/product_cat?post=179758"},{"taxonomy":"product_tag","embeddable":true,"href":"https:\/\/baldumarket.lt\/lt\/wp-json\/wp\/v2\/product_tag?post=179758"}],"curies":[{"name":"wp","href":"https:\/\/api.w.org\/{rel}","templated":true}]}}