{"id":179755,"date":"2025-12-21T13:05:02","date_gmt":"2025-12-21T10:05:02","guid":{"rendered":"https:\/\/baldumarket.lt\/product\/stol-okragly-gra-074-l\/"},"modified":"2026-03-04T18:23:59","modified_gmt":"2026-03-04T15:23:59","slug":"stol-okragly-gra-074-l","status":"publish","type":"product","link":"https:\/\/baldumarket.lt\/lt\/product\/stol-okragly-gra-074-l\/","title":{"rendered":"APVALUS STALAS GRANADA GRA.074.L"},"content":{"rendered":"<p>\u201eGranada\u201c stalas, modelis GRA.074.L, yra elegancijos ir funkcionalumo ikona, puikiai deranti prie bet kokio, net ir reikliausio, interjero. \u0160is apvalus, lakuotas stalas \u017eavi savo estetika ir gamybos kokybe, tapdamas \u0161eimos gyvenimo centru, vis\u0173 susib\u016brimo vieta. Stalvir\u0161is yra tikras meno k\u016brinys, pagamintas i\u0161 nat\u016bralios sen\u0173 \u0105\u017euolo r\u0105st\u0173 faneros. Tai kiekvien\u0105 bald\u0105 daro unikal\u0173, o matoma medienos tekst\u016bra ir ra\u0161tas suteikia charakterio ir \u0161ilumos. Stalvir\u0161is yra segmentinis, kuris kartu su \u201edrugelio\u201c prailginimo mechanizmu leid\u017eia lengvai ir greitai pritaikyti stalo dyd\u012f prie esam\u0173 poreiki\u0173, akimirksniu suteikiant papildomos vietos prie stalo. Stalas tiekiamas su dviem 40 cm plo\u010dio \u012fd\u0117klais, kuriuos galima laikyti tiesiai stalo viduje, u\u017etikrinant ne tik komfort\u0105, bet ir eleganti\u0161k\u0105 laikym\u0105, kai jis nenaudojamas. \u0160is sprendimas daro \u201eGranada\u201c stal\u0105 ne\u012ftik\u0117tinai prakti\u0161ku, i\u0161laikant nepriekai\u0161ting\u0105 i\u0161vaizd\u0105. Med\u017eio masyvo kojel\u0117s garantuoja stabilum\u0105 ir ilgaam\u017ei\u0161kum\u0105, kartu pabr\u0117\u017edamos viso baldo nat\u016bral\u0173 \u017eaves\u012f ir tvirtum\u0105. J\u0173 klasikinis dizainas ir tikslus meistri\u0161kumas paver\u010dia \u201eGranada\u201c stal\u0105 ne tik funkcionaliu baldu, bet ir rafinuotu bet kurio kambario puo\u0161mena. \u201eGranada\u201c kolekcijos stalas \u2013 tai tobulas tradicij\u0173 ir modernumo derinys, kur nat\u016bralus med\u017eio gro\u017eis susitinka su novatori\u0161kais sprendimais, sukuriant ne tik gra\u017e\u0173, bet ir ne\u012ftik\u0117tinai prakti\u0161k\u0105 bald\u0105. Nesvarbu, ar tai b\u016bt\u0173 eleganti\u0161ki pri\u0117mimai, \u0161eimos vakarien\u0117s, ar kasdieniai valgiai, \u201eGranada\u201c stalas sukuria tobul\u0105 aplink\u0105 bet kokiai progai.<\/p>","protected":false},"excerpt":{"rendered":"<p>Plotis: 110 cm<br \/>\nGylis: 110 cm<br \/>\nAuk\u0161tis: 75 cm<\/p>","protected":false},"featured_media":179756,"comment_status":"open","ping_status":"open","template":"","meta":[],"product_brand":[],"product_cat":[9797,4745,1934],"product_tag":[],"class_list":{"0":"post-179755","1":"product","2":"type-product","3":"status-publish","4":"has-post-thumbnail","6":"product_cat-furniture-system-granada-desert-gray-krysiak","7":"product_cat-krysiak","8":"product_cat-tables","10":"first","11":"instock","12":"purchasable","13":"product-type-simple"},"_links":{"self":[{"href":"https:\/\/baldumarket.lt\/lt\/wp-json\/wp\/v2\/product\/179755","targetHints":{"allow":["GET"]}}],"collection":[{"href":"https:\/\/baldumarket.lt\/lt\/wp-json\/wp\/v2\/product"}],"about":[{"href":"https:\/\/baldumarket.lt\/lt\/wp-json\/wp\/v2\/types\/product"}],"replies":[{"embeddable":true,"href":"https:\/\/baldumarket.lt\/lt\/wp-json\/wp\/v2\/comments?post=179755"}],"wp:featuredmedia":[{"embeddable":true,"href":"https:\/\/baldumarket.lt\/lt\/wp-json\/wp\/v2\/media\/179756"}],"wp:attachment":[{"href":"https:\/\/baldumarket.lt\/lt\/wp-json\/wp\/v2\/media?parent=179755"}],"wp:term":[{"taxonomy":"product_brand","embeddable":true,"href":"https:\/\/baldumarket.lt\/lt\/wp-json\/wp\/v2\/product_brand?post=179755"},{"taxonomy":"product_cat","embeddable":true,"href":"https:\/\/baldumarket.lt\/lt\/wp-json\/wp\/v2\/product_cat?post=179755"},{"taxonomy":"product_tag","embeddable":true,"href":"https:\/\/baldumarket.lt\/lt\/wp-json\/wp\/v2\/product_tag?post=179755"}],"curies":[{"name":"wp","href":"https:\/\/api.w.org\/{rel}","templated":true}]}}