{"id":179751,"date":"2025-12-21T13:04:59","date_gmt":"2025-12-21T10:04:59","guid":{"rendered":"https:\/\/baldumarket.lt\/product\/stol-okragly-can-073-13\/"},"modified":"2026-03-04T18:10:59","modified_gmt":"2026-03-04T15:10:59","slug":"stol-okragly-can-073-13","status":"publish","type":"product","link":"https:\/\/baldumarket.lt\/lt\/product\/stol-okragly-can-073-13\/","title":{"rendered":"Apvalus stalas CANTIERO CAN.073.13"},"content":{"rendered":"<p>\u0160is apvalus stalas su sekcijiniu stalvir\u0161iu yra eleganti\u0161kas pasirinkimas tiems, kurie vertina stili\u0173 ir funkcionalum\u0105. Stalvir\u0161is pagamintas i\u0161 nat\u016bralaus \u0105\u017euolo faneros su masyvios medienos apmu\u0161alu, pritvirtintas prie grioveli\u0173 ra\u0161tuot\u0173 karkas\u0173 ir tvirt\u0173 masyvios \u0105\u017euolo kojeli\u0173. Komplekt\u0105 sudaro vienas 40 cm ilgio \u201edrugelio\u201c formos \u012fd\u0117klas, kuris \u012fstumiamas \u012f stal\u0105, su galimybe \u012fsigyti antr\u0105, tod\u0117l maksimalus ilgis siekia 190 cm. Karamel\u0117s spalvos \u0105\u017euolo apdaila suteikia baldui klasikin\u012f, ta\u010diau nesenstant\u012f charakter\u012f.<\/p>","protected":false},"excerpt":{"rendered":"<p>This round table with a sectional top is an elegant option for those who value style and functionality. The top is made of natural oak veneer with a solid wood overlay, mounted on grooved carcasses and sturdy solid oak legs. The set includes one 40 cm butterfly insert that retracts into the table, with the [&hellip;]<\/p>","protected":false},"featured_media":179752,"comment_status":"open","ping_status":"open","template":"","meta":[],"product_brand":[],"product_cat":[9792,9795,4745,1934],"product_tag":[],"class_list":{"0":"post-179751","1":"product","2":"type-product","3":"status-publish","4":"has-post-thumbnail","6":"product_cat-furniture-system-cantiero-krysiak-meble","7":"product_cat-furniture-system-cantiero-walnut-krysiak","8":"product_cat-krysiak","9":"product_cat-tables","11":"first","12":"instock","13":"purchasable","14":"product-type-simple"},"_links":{"self":[{"href":"https:\/\/baldumarket.lt\/lt\/wp-json\/wp\/v2\/product\/179751","targetHints":{"allow":["GET"]}}],"collection":[{"href":"https:\/\/baldumarket.lt\/lt\/wp-json\/wp\/v2\/product"}],"about":[{"href":"https:\/\/baldumarket.lt\/lt\/wp-json\/wp\/v2\/types\/product"}],"replies":[{"embeddable":true,"href":"https:\/\/baldumarket.lt\/lt\/wp-json\/wp\/v2\/comments?post=179751"}],"wp:featuredmedia":[{"embeddable":true,"href":"https:\/\/baldumarket.lt\/lt\/wp-json\/wp\/v2\/media\/179752"}],"wp:attachment":[{"href":"https:\/\/baldumarket.lt\/lt\/wp-json\/wp\/v2\/media?parent=179751"}],"wp:term":[{"taxonomy":"product_brand","embeddable":true,"href":"https:\/\/baldumarket.lt\/lt\/wp-json\/wp\/v2\/product_brand?post=179751"},{"taxonomy":"product_cat","embeddable":true,"href":"https:\/\/baldumarket.lt\/lt\/wp-json\/wp\/v2\/product_cat?post=179751"},{"taxonomy":"product_tag","embeddable":true,"href":"https:\/\/baldumarket.lt\/lt\/wp-json\/wp\/v2\/product_tag?post=179751"}],"curies":[{"name":"wp","href":"https:\/\/api.w.org\/{rel}","templated":true}]}}