{"id":179748,"date":"2025-12-21T13:04:56","date_gmt":"2025-12-21T10:04:56","guid":{"rendered":"https:\/\/baldumarket.lt\/product\/stol-okragly-110-rozkladany-negro\/"},"modified":"2026-02-03T23:27:26","modified_gmt":"2026-02-03T20:27:26","slug":"stol-okragly-110-rozkladany-negro","status":"publish","type":"product","link":"https:\/\/baldumarket.lt\/lt\/product\/stol-okragly-110-rozkladany-negro\/","title":{"rendered":"Negro i\u0161skleid\u017eiamas apvalus stalas 110"},"content":{"rendered":"<p>Negro \u2013 modernumas kiekvienam. Faneruotos medienos ir eleganti\u0161kos HPL plok\u0161t\u0117s derinys sukuria unikal\u0173 dizain\u0105, kuris prad\u017eiugins tuos, kurie vertina unikal\u0173 stili\u0173.<\/p>","protected":false},"excerpt":{"rendered":"<p>Plotis: 110 cm<br \/>\nGylis: 110 cm<br \/>\nAuk\u0161tis: 75 cm<\/p>","protected":false},"featured_media":179749,"comment_status":"open","ping_status":"open","template":"","meta":[],"product_brand":[],"product_cat":[4745,1934],"product_tag":[],"class_list":{"0":"post-179748","1":"product","2":"type-product","3":"status-publish","4":"has-post-thumbnail","6":"product_cat-krysiak","7":"product_cat-tables","9":"first","10":"instock","11":"purchasable","12":"product-type-simple"},"_links":{"self":[{"href":"https:\/\/baldumarket.lt\/lt\/wp-json\/wp\/v2\/product\/179748","targetHints":{"allow":["GET"]}}],"collection":[{"href":"https:\/\/baldumarket.lt\/lt\/wp-json\/wp\/v2\/product"}],"about":[{"href":"https:\/\/baldumarket.lt\/lt\/wp-json\/wp\/v2\/types\/product"}],"replies":[{"embeddable":true,"href":"https:\/\/baldumarket.lt\/lt\/wp-json\/wp\/v2\/comments?post=179748"}],"wp:featuredmedia":[{"embeddable":true,"href":"https:\/\/baldumarket.lt\/lt\/wp-json\/wp\/v2\/media\/179749"}],"wp:attachment":[{"href":"https:\/\/baldumarket.lt\/lt\/wp-json\/wp\/v2\/media?parent=179748"}],"wp:term":[{"taxonomy":"product_brand","embeddable":true,"href":"https:\/\/baldumarket.lt\/lt\/wp-json\/wp\/v2\/product_brand?post=179748"},{"taxonomy":"product_cat","embeddable":true,"href":"https:\/\/baldumarket.lt\/lt\/wp-json\/wp\/v2\/product_cat?post=179748"},{"taxonomy":"product_tag","embeddable":true,"href":"https:\/\/baldumarket.lt\/lt\/wp-json\/wp\/v2\/product_tag?post=179748"}],"curies":[{"name":"wp","href":"https:\/\/api.w.org\/{rel}","templated":true}]}}