{"id":179743,"date":"2025-12-21T13:04:52","date_gmt":"2025-12-21T10:04:52","guid":{"rendered":"https:\/\/baldumarket.lt\/product\/stol-moreno-180-cm\/"},"modified":"2026-03-05T09:24:58","modified_gmt":"2026-03-05T06:24:58","slug":"stol-moreno-180-cm","status":"publish","type":"product","link":"https:\/\/baldumarket.lt\/lt\/product\/stol-moreno-180-cm\/","title":{"rendered":"MORENO stalas 180 cm"},"content":{"rendered":"<p>\u201eMoreno\u201c stal\u0173 kolekcija \u2013 tai unikalus baldas, kuris praturtins bet kok\u012f interjer\u0105 savo charakteriu ir stiliumi. Pagamintas i\u0161 nat\u016bralaus \u0105\u017euolo faneros, stalas spinduliuoja nat\u016braliu med\u017eio \u017eavesiu ir gro\u017eiu. Tvirta konstrukcija garantuoja ilgaam\u017ei\u0161kum\u0105 ir tvirtum\u0105 ilgus metus. 100 cm plo\u010dio drugelio formos \u0161oninis \u012fd\u0117klas daro \u201eMoreno\u201c stal\u0105 ne\u012ftik\u0117tinai universal\u0173. \u0160is mechanizmas leid\u017eia greitai ir lengvai i\u0161pl\u0117sti stalo pavir\u0161i\u0173, pritaikant j\u012f prie kintan\u010di\u0173 poreiki\u0173 ir sve\u010di\u0173 skai\u010diaus. Tokio dyd\u017eio \u012fd\u0117klas leid\u017eia patogiai i\u0161naudoti didesn\u0119 erdv\u0119 valgiams, susitikimams ar \u0161eimos \u0161vent\u0117ms. \u201eMoreno\u201c stalas \u017eavi ne tik savo funkcionalumu, bet ir estetika. Eleganti\u0161kas dizainas ir kruop\u0161tus meistri\u0161kumas prad\u017eiugins kiekvien\u0105 gro\u017eio ir auk\u0161tos kokyb\u0117s m\u0117g\u0117j\u0105. Tai puiki vieta praleisti laik\u0105 su \u0161eima ir draugais, kuriant nepamir\u0161tamas akimirkas ir prisiminimus.<\/p>","protected":false},"excerpt":{"rendered":"<p>Plotis: 180\u2013280 cm<br \/>\nGylis: 90 cm<br \/>\nAuk\u0161tis: 75 cm<\/p>","protected":false},"featured_media":179744,"comment_status":"open","ping_status":"open","template":"","meta":[],"product_brand":[],"product_cat":[9802,4745,1934],"product_tag":[],"class_list":{"0":"post-179743","1":"product","2":"type-product","3":"status-publish","4":"has-post-thumbnail","6":"product_cat-furniture-system-moreno-krysiak","7":"product_cat-krysiak","8":"product_cat-tables","10":"first","11":"instock","12":"purchasable","13":"product-type-simple"},"_links":{"self":[{"href":"https:\/\/baldumarket.lt\/lt\/wp-json\/wp\/v2\/product\/179743","targetHints":{"allow":["GET"]}}],"collection":[{"href":"https:\/\/baldumarket.lt\/lt\/wp-json\/wp\/v2\/product"}],"about":[{"href":"https:\/\/baldumarket.lt\/lt\/wp-json\/wp\/v2\/types\/product"}],"replies":[{"embeddable":true,"href":"https:\/\/baldumarket.lt\/lt\/wp-json\/wp\/v2\/comments?post=179743"}],"wp:featuredmedia":[{"embeddable":true,"href":"https:\/\/baldumarket.lt\/lt\/wp-json\/wp\/v2\/media\/179744"}],"wp:attachment":[{"href":"https:\/\/baldumarket.lt\/lt\/wp-json\/wp\/v2\/media?parent=179743"}],"wp:term":[{"taxonomy":"product_brand","embeddable":true,"href":"https:\/\/baldumarket.lt\/lt\/wp-json\/wp\/v2\/product_brand?post=179743"},{"taxonomy":"product_cat","embeddable":true,"href":"https:\/\/baldumarket.lt\/lt\/wp-json\/wp\/v2\/product_cat?post=179743"},{"taxonomy":"product_tag","embeddable":true,"href":"https:\/\/baldumarket.lt\/lt\/wp-json\/wp\/v2\/product_tag?post=179743"}],"curies":[{"name":"wp","href":"https:\/\/api.w.org\/{rel}","templated":true}]}}