{"id":179736,"date":"2025-12-21T13:04:46","date_gmt":"2025-12-21T10:04:46","guid":{"rendered":"https:\/\/baldumarket.lt\/product\/stol-loft-lof-072-dx\/"},"modified":"2026-03-04T18:35:56","modified_gmt":"2026-03-04T15:35:56","slug":"stol-loft-lof-072-dx","status":"publish","type":"product","link":"https:\/\/baldumarket.lt\/lt\/product\/stol-loft-lof-072-dx\/","title":{"rendered":"LOFT  stalas &#8211; LOF.072.DX"},"content":{"rendered":"<p>\u201eLoft\u201c stalas \u2013 i\u0161skirtinai stilingas baldas, puikiai perteikiantis lofto stiliaus charakter\u012f ir atmosfer\u0105. Geometrini\u0173 form\u0173, nat\u016bralios medienos ir metalinio pagrindo derinys sukuria unikali\u0105 kompozicij\u0105, \u012fne\u0161an\u010di\u0105 \u012f j\u016bs\u0173 interjer\u0105 nepakartojam\u0105 lofto estetikos atmosfer\u0105. \u0160is \u012fsp\u016bdingas stalas yra 160x76x90 cm dyd\u017eio, puikiai tinkantis modernioms lofto erdv\u0117ms. Jo masyvus laukinio \u0105\u017euolo stalvir\u0161is \u017eavi nat\u016braliu \u017eavesiu ir unikalia tekst\u016bra. Neapdorotos medienos i\u0161vaizd\u0105 pary\u0161kina vientisa apdaila, suteikianti charakterio ir autenti\u0161kumo. \u201eLoft\u201c stalo stabilum\u0105 ir ilgaam\u017ei\u0161kum\u0105 u\u017etikrina tvirta juoda metalin\u0117 koja. Nuo\u017eulni forma suteikia jam ne tik modernumo, bet ir papildomo i\u0161rai\u0161kingumo. \u0160i metalin\u0117 koja puikiai kontrastuoja su mediniu stalvir\u0161iu, sukurdama ry\u0161ki\u0105 kompozicij\u0105. Unikali \u0161io stalo savyb\u0117 \u2013 galimyb\u0117 prailginti stalvir\u0161\u012f naudojant turimus 50 cm plo\u010dio prailginimus. J\u0173 d\u0117ka stal\u0105 galite lengvai prailginti iki 260 cm ilgio, puikiai pritaikydami j\u012f prie sve\u010di\u0173 skai\u010diaus ir reikalingos erdv\u0117s. \u201eLoft\u201c stalas atlieka ne tik funkcin\u0119 funkcij\u0105, bet ir yra i\u0161skirtinis dekoratyvinis elementas, pary\u0161kinantis lofto interjero charakter\u012f. Tvirta konstrukcija ir auk\u0161tos kokyb\u0117s darbas garantuoja ne tik ilgaam\u017ei\u0161kum\u0105, bet ir ilgamet\u012f malonum\u0105.<\/p>","protected":false},"excerpt":{"rendered":"<p>Plotis: 160 cm<br \/>\nGylis: 90 cm<br \/>\nAuk\u0161tis: 76 cm<\/p>","protected":false},"featured_media":179737,"comment_status":"open","ping_status":"open","template":"","meta":[],"product_brand":[],"product_cat":[9799,4745,1934],"product_tag":[],"class_list":{"0":"post-179736","1":"product","2":"type-product","3":"status-publish","4":"has-post-thumbnail","6":"product_cat-furniture-system-loft-krysiak","7":"product_cat-krysiak","8":"product_cat-tables","10":"first","11":"instock","12":"purchasable","13":"product-type-simple"},"_links":{"self":[{"href":"https:\/\/baldumarket.lt\/lt\/wp-json\/wp\/v2\/product\/179736","targetHints":{"allow":["GET"]}}],"collection":[{"href":"https:\/\/baldumarket.lt\/lt\/wp-json\/wp\/v2\/product"}],"about":[{"href":"https:\/\/baldumarket.lt\/lt\/wp-json\/wp\/v2\/types\/product"}],"replies":[{"embeddable":true,"href":"https:\/\/baldumarket.lt\/lt\/wp-json\/wp\/v2\/comments?post=179736"}],"wp:featuredmedia":[{"embeddable":true,"href":"https:\/\/baldumarket.lt\/lt\/wp-json\/wp\/v2\/media\/179737"}],"wp:attachment":[{"href":"https:\/\/baldumarket.lt\/lt\/wp-json\/wp\/v2\/media?parent=179736"}],"wp:term":[{"taxonomy":"product_brand","embeddable":true,"href":"https:\/\/baldumarket.lt\/lt\/wp-json\/wp\/v2\/product_brand?post=179736"},{"taxonomy":"product_cat","embeddable":true,"href":"https:\/\/baldumarket.lt\/lt\/wp-json\/wp\/v2\/product_cat?post=179736"},{"taxonomy":"product_tag","embeddable":true,"href":"https:\/\/baldumarket.lt\/lt\/wp-json\/wp\/v2\/product_tag?post=179736"}],"curies":[{"name":"wp","href":"https:\/\/api.w.org\/{rel}","templated":true}]}}