{"id":179728,"date":"2025-12-21T13:04:39","date_gmt":"2025-12-21T10:04:39","guid":{"rendered":"https:\/\/baldumarket.lt\/product\/stol-granada-180-300-gra-071-11\/"},"modified":"2026-03-04T18:23:59","modified_gmt":"2026-03-04T15:23:59","slug":"stol-granada-180-300-gra-071-11","status":"publish","type":"product","link":"https:\/\/baldumarket.lt\/lt\/product\/stol-granada-180-300-gra-071-11\/","title":{"rendered":"GRANADA stalas (180\/300) \u2013 GRA.071.11"},"content":{"rendered":"<p>\u201eGranada GRA.070.05\u201c stalas \u2013 unikalus baldas, kuris jus d\u017eiugins savo funkcionalumu ir estetika. D\u0117l priekyje i\u0161traukiamame stal\u010diuje pasl\u0117pto drugelio formos prailginimo mechanizmo stalo dyd\u012f galite lengvai pritaikyti pagal savo poreikius. \u012esp\u016bdingi 180\/300x75x90 cm matmenys leid\u017eia patogiai valgyti tiek ma\u017eose grup\u0117se, tiek didesni\u0173 \u0161eimos susib\u016brim\u0173 ar vakar\u0117li\u0173 metu. Stalvir\u0161is, pagamintas i\u0161 nat\u016bralaus \u0105\u017euolo faneruot\u0117s su med\u017eio masyvo elementais, suteikia jam unikal\u0173 charakter\u012f ir \u0161ilt\u0105, nat\u016brali\u0105 i\u0161vaizd\u0105. Tvirtos med\u017eio masyvo kojel\u0117s garantuoja stabilum\u0105 ir ilgaam\u017ei\u0161kum\u0105. \u201eGranada GRA.070.05\u201c stalas \u2013 puikus pasirinkimas ie\u0161kantiems prakti\u0161ko ir gra\u017eaus valgomojo ar svetain\u0117s stalo, kuris taps traukos centru ir tikra akims malonia akiai.<\/p>","protected":false},"excerpt":{"rendered":"<p>Plotis: 180 cm<br \/>\nGylis: 90 cm<br \/>\nAuk\u0161tis: 75 cm<\/p>","protected":false},"featured_media":179729,"comment_status":"open","ping_status":"open","template":"","meta":[],"product_brand":[],"product_cat":[9797,4745,1934],"product_tag":[],"class_list":{"0":"post-179728","1":"product","2":"type-product","3":"status-publish","4":"has-post-thumbnail","6":"product_cat-furniture-system-granada-desert-gray-krysiak","7":"product_cat-krysiak","8":"product_cat-tables","10":"first","11":"instock","12":"purchasable","13":"product-type-simple"},"_links":{"self":[{"href":"https:\/\/baldumarket.lt\/lt\/wp-json\/wp\/v2\/product\/179728","targetHints":{"allow":["GET"]}}],"collection":[{"href":"https:\/\/baldumarket.lt\/lt\/wp-json\/wp\/v2\/product"}],"about":[{"href":"https:\/\/baldumarket.lt\/lt\/wp-json\/wp\/v2\/types\/product"}],"replies":[{"embeddable":true,"href":"https:\/\/baldumarket.lt\/lt\/wp-json\/wp\/v2\/comments?post=179728"}],"wp:featuredmedia":[{"embeddable":true,"href":"https:\/\/baldumarket.lt\/lt\/wp-json\/wp\/v2\/media\/179729"}],"wp:attachment":[{"href":"https:\/\/baldumarket.lt\/lt\/wp-json\/wp\/v2\/media?parent=179728"}],"wp:term":[{"taxonomy":"product_brand","embeddable":true,"href":"https:\/\/baldumarket.lt\/lt\/wp-json\/wp\/v2\/product_brand?post=179728"},{"taxonomy":"product_cat","embeddable":true,"href":"https:\/\/baldumarket.lt\/lt\/wp-json\/wp\/v2\/product_cat?post=179728"},{"taxonomy":"product_tag","embeddable":true,"href":"https:\/\/baldumarket.lt\/lt\/wp-json\/wp\/v2\/product_tag?post=179728"}],"curies":[{"name":"wp","href":"https:\/\/api.w.org\/{rel}","templated":true}]}}