{"id":179717,"date":"2025-12-21T13:04:30","date_gmt":"2025-12-21T10:04:30","guid":{"rendered":"https:\/\/baldumarket.lt\/product\/stol-corena-cor-070-l\/"},"modified":"2026-03-04T17:43:57","modified_gmt":"2026-03-04T14:43:57","slug":"stol-corena-cor-070-l","status":"publish","type":"product","link":"https:\/\/baldumarket.lt\/lt\/product\/stol-corena-cor-070-l\/","title":{"rendered":"CORENA stalas \u2013 COR.070.L"},"content":{"rendered":"<p>Stalas CORENA COR.070.L \u2013 unikalus j\u016bs\u0173 valgomojo erdv\u0117s papildymas. Jo matmenys (160\/250 x 76 x 90 cm) gali b\u016bti laisvai reguliuojami dviej\u0173 45 cm ilgio \u012fd\u0117kl\u0173, pasl\u0117pt\u0173 stalo viduje, d\u0117ka. Stalvir\u0161is yra stulbinantis \u2013 pagamintas i\u0161 nat\u016bralaus \u0105\u017euolo faneros su med\u017eio masyvo elementais, o centre integruotas kam\u0161tinis dekoras suteikia jam unikal\u0173 charakter\u012f. Stalo kojos pagamintos i\u0161 med\u017eio, tod\u0117l stalas yra tvirtas ir gra\u017eus.<\/p>","protected":false},"excerpt":{"rendered":"<p>Plotis: 90 cm<br \/>\nGylis: 160 cm<br \/>\nAuk\u0161tis: 76 cm<\/p>","protected":false},"featured_media":179718,"comment_status":"open","ping_status":"open","template":"","meta":[],"product_brand":[],"product_cat":[9804,4745,1934],"product_tag":[],"class_list":{"0":"post-179717","1":"product","2":"type-product","3":"status-publish","4":"has-post-thumbnail","6":"product_cat-furniture-system-corena-krysiak","7":"product_cat-krysiak","8":"product_cat-tables","10":"first","11":"instock","12":"purchasable","13":"product-type-simple"},"_links":{"self":[{"href":"https:\/\/baldumarket.lt\/lt\/wp-json\/wp\/v2\/product\/179717","targetHints":{"allow":["GET"]}}],"collection":[{"href":"https:\/\/baldumarket.lt\/lt\/wp-json\/wp\/v2\/product"}],"about":[{"href":"https:\/\/baldumarket.lt\/lt\/wp-json\/wp\/v2\/types\/product"}],"replies":[{"embeddable":true,"href":"https:\/\/baldumarket.lt\/lt\/wp-json\/wp\/v2\/comments?post=179717"}],"wp:featuredmedia":[{"embeddable":true,"href":"https:\/\/baldumarket.lt\/lt\/wp-json\/wp\/v2\/media\/179718"}],"wp:attachment":[{"href":"https:\/\/baldumarket.lt\/lt\/wp-json\/wp\/v2\/media?parent=179717"}],"wp:term":[{"taxonomy":"product_brand","embeddable":true,"href":"https:\/\/baldumarket.lt\/lt\/wp-json\/wp\/v2\/product_brand?post=179717"},{"taxonomy":"product_cat","embeddable":true,"href":"https:\/\/baldumarket.lt\/lt\/wp-json\/wp\/v2\/product_cat?post=179717"},{"taxonomy":"product_tag","embeddable":true,"href":"https:\/\/baldumarket.lt\/lt\/wp-json\/wp\/v2\/product_tag?post=179717"}],"curies":[{"name":"wp","href":"https:\/\/api.w.org\/{rel}","templated":true}]}}