{"id":179711,"date":"2025-12-21T13:04:25","date_gmt":"2025-12-21T10:04:25","guid":{"rendered":"https:\/\/baldumarket.lt\/product\/stol-can-070-13\/"},"modified":"2026-03-04T18:11:08","modified_gmt":"2026-03-04T15:11:08","slug":"stol-can-070-13","status":"publish","type":"product","link":"https:\/\/baldumarket.lt\/lt\/product\/stol-can-070-13\/","title":{"rendered":"Lentel\u0117 CANTIERO CAN.070.13"},"content":{"rendered":"<p>\u0160is padalintas stalas yra eleganti\u0161kas ir funkcionalus baldas, puikiai tinkantis tiek kasdieniam naudojimui, tiek didesniems susib\u016brimams. Stalvir\u0161is pagamintas i\u0161 nat\u016bralaus \u0105\u017euolo faneros su masyvo \u0105\u017euolo apmu\u0161alu, j\u012f laiko tvirti, grioveliais dekoruoti karkasai ir masyvo med\u017eio kojel\u0117s. Komplekte yra du 50 cm prailginimai, kurie i\u0161siskleida \u012f stal\u0105, o \u012fsigyjant papildomus prailginimus galima prailginti stal\u0105 iki 360 cm. Visas baldas apdailintas \u0161iltu karamelinio \u0105\u017euolo atspalviu, kuris puikiai dera tiek su klasikiniu, tiek su moderniu interjeru.<\/p>","protected":false},"excerpt":{"rendered":"<p>Plotis: 90 cm<br \/>\nAuk\u0161tis: 75 cm<br \/>\nIlgis: 160 cm<\/p>","protected":false},"featured_media":179712,"comment_status":"open","ping_status":"open","template":"","meta":[],"product_brand":[],"product_cat":[9792,9795,4745,1934],"product_tag":[],"class_list":{"0":"post-179711","1":"product","2":"type-product","3":"status-publish","4":"has-post-thumbnail","6":"product_cat-furniture-system-cantiero-krysiak-meble","7":"product_cat-furniture-system-cantiero-walnut-krysiak","8":"product_cat-krysiak","9":"product_cat-tables","11":"first","12":"instock","13":"purchasable","14":"product-type-simple"},"_links":{"self":[{"href":"https:\/\/baldumarket.lt\/lt\/wp-json\/wp\/v2\/product\/179711","targetHints":{"allow":["GET"]}}],"collection":[{"href":"https:\/\/baldumarket.lt\/lt\/wp-json\/wp\/v2\/product"}],"about":[{"href":"https:\/\/baldumarket.lt\/lt\/wp-json\/wp\/v2\/types\/product"}],"replies":[{"embeddable":true,"href":"https:\/\/baldumarket.lt\/lt\/wp-json\/wp\/v2\/comments?post=179711"}],"wp:featuredmedia":[{"embeddable":true,"href":"https:\/\/baldumarket.lt\/lt\/wp-json\/wp\/v2\/media\/179712"}],"wp:attachment":[{"href":"https:\/\/baldumarket.lt\/lt\/wp-json\/wp\/v2\/media?parent=179711"}],"wp:term":[{"taxonomy":"product_brand","embeddable":true,"href":"https:\/\/baldumarket.lt\/lt\/wp-json\/wp\/v2\/product_brand?post=179711"},{"taxonomy":"product_cat","embeddable":true,"href":"https:\/\/baldumarket.lt\/lt\/wp-json\/wp\/v2\/product_cat?post=179711"},{"taxonomy":"product_tag","embeddable":true,"href":"https:\/\/baldumarket.lt\/lt\/wp-json\/wp\/v2\/product_tag?post=179711"}],"curies":[{"name":"wp","href":"https:\/\/api.w.org\/{rel}","templated":true}]}}